{"id":29850,"date":"2022-06-15T06:30:27","date_gmt":"2022-06-15T06:30:27","guid":{"rendered":"https:\/\/refactor-second-attempt.torseed.dev.greenparrot.pl\/produkt\/ostrozka-letnia-mieszanka\/"},"modified":"2023-03-29T18:08:01","modified_gmt":"2023-03-29T18:08:01","slug":"ostrozka-letnia-mieszanka","status":"publish","type":"product","link":"https:\/\/torseed.eu\/en\/produkt\/ostrozka-letnia-mieszanka\/","title":{"rendered":"Ostr\u00f3\u017cka letnia mieszanka"},"content":{"rendered":"<p>Ro\u015blina jednoroczna o kwiatach zebranych w g\u0119ste, zbite grona, podobne do kwiatostanu hiacynta. udaje si\u0119 na ka\u017cdej glebie. Zastosowanie: na kwiat ci\u0119ty, na rabaty.<\/p>","protected":false},"excerpt":{"rendered":"<p>Ro\u015blina jednoroczna o kwiatach zebranych w g\u0119ste, zbite grona, podobne do kwiatostanu hiacynta. udaje si\u0119 na ka\u017cdej glebie. Zastosowanie: na kwiat ci\u0119ty, na rabaty.<\/p>\n","protected":false},"featured_media":18831,"comment_status":"open","ping_status":"open","template":"","meta":{"inline_featured_image":false},"product_cat":[89,93],"product_tag":[],"acf":[],"featured_image":"https:\/\/torseed.eu\/app\/uploads\/2023\/03\/988.jpg","_links":{"self":[{"href":"https:\/\/torseed.eu\/en\/wp-json\/wp\/v2\/product\/29850"}],"collection":[{"href":"https:\/\/torseed.eu\/en\/wp-json\/wp\/v2\/product"}],"about":[{"href":"https:\/\/torseed.eu\/en\/wp-json\/wp\/v2\/types\/product"}],"replies":[{"embeddable":true,"href":"https:\/\/torseed.eu\/en\/wp-json\/wp\/v2\/comments?post=29850"}],"version-history":[{"count":0,"href":"https:\/\/torseed.eu\/en\/wp-json\/wp\/v2\/product\/29850\/revisions"}],"wp:featuredmedia":[{"embeddable":true,"href":"https:\/\/torseed.eu\/en\/wp-json\/wp\/v2\/media\/18831"}],"wp:attachment":[{"href":"https:\/\/torseed.eu\/en\/wp-json\/wp\/v2\/media?parent=29850"}],"wp:term":[{"taxonomy":"product_cat","embeddable":true,"href":"https:\/\/torseed.eu\/en\/wp-json\/wp\/v2\/product_cat?post=29850"},{"taxonomy":"product_tag","embeddable":true,"href":"https:\/\/torseed.eu\/en\/wp-json\/wp\/v2\/product_tag?post=29850"}],"curies":[{"name":"wp","href":"https:\/\/api.w.org\/{rel}","templated":true}]}}