{"id":29851,"date":"2022-06-15T06:30:26","date_gmt":"2022-06-15T06:30:26","guid":{"rendered":"https:\/\/refactor-second-attempt.torseed.dev.greenparrot.pl\/produkt\/onetek-siarkowy-mieszanka\/"},"modified":"2023-03-29T18:08:02","modified_gmt":"2023-03-29T18:08:02","slug":"onetek-siarkowy-mieszanka","status":"publish","type":"product","link":"https:\/\/torseed.eu\/en\/produkt\/onetek-siarkowy-mieszanka\/","title":{"rendered":"On\u0119tek siarkowy mieszanka"},"content":{"rendered":"<p>Ro\u015blina jednoroczna o oryginalnych kwiatach w pastelowych odcieniach \u017c\u00f3\u0142ci i pomara\u0144czu. Bardzo ma\u0142e wymagania glebowe. Zastosowanie: wysokie rabaty, kwiat ci\u0119ty.<\/p>","protected":false},"excerpt":{"rendered":"<p>Ro\u015blina jednoroczna o oryginalnych kwiatach w pastelowych odcieniach \u017c\u00f3\u0142ci i pomara\u0144czu. Bardzo ma\u0142e wymagania glebowe. Zastosowanie: wysokie rabaty, kwiat ci\u0119ty.<\/p>\n","protected":false},"featured_media":18828,"comment_status":"open","ping_status":"open","template":"","meta":{"inline_featured_image":false},"product_cat":[89,93],"product_tag":[],"acf":[],"featured_image":"https:\/\/torseed.eu\/app\/uploads\/2023\/03\/984.jpg","_links":{"self":[{"href":"https:\/\/torseed.eu\/en\/wp-json\/wp\/v2\/product\/29851"}],"collection":[{"href":"https:\/\/torseed.eu\/en\/wp-json\/wp\/v2\/product"}],"about":[{"href":"https:\/\/torseed.eu\/en\/wp-json\/wp\/v2\/types\/product"}],"replies":[{"embeddable":true,"href":"https:\/\/torseed.eu\/en\/wp-json\/wp\/v2\/comments?post=29851"}],"version-history":[{"count":0,"href":"https:\/\/torseed.eu\/en\/wp-json\/wp\/v2\/product\/29851\/revisions"}],"wp:featuredmedia":[{"embeddable":true,"href":"https:\/\/torseed.eu\/en\/wp-json\/wp\/v2\/media\/18828"}],"wp:attachment":[{"href":"https:\/\/torseed.eu\/en\/wp-json\/wp\/v2\/media?parent=29851"}],"wp:term":[{"taxonomy":"product_cat","embeddable":true,"href":"https:\/\/torseed.eu\/en\/wp-json\/wp\/v2\/product_cat?post=29851"},{"taxonomy":"product_tag","embeddable":true,"href":"https:\/\/torseed.eu\/en\/wp-json\/wp\/v2\/product_tag?post=29851"}],"curies":[{"name":"wp","href":"https:\/\/api.w.org\/{rel}","templated":true}]}}