{"id":29852,"date":"2022-06-15T06:30:25","date_gmt":"2022-06-15T06:30:25","guid":{"rendered":"https:\/\/refactor-second-attempt.torseed.dev.greenparrot.pl\/produkt\/niedzwiedzie-ucho-mieszanka\/"},"modified":"2023-03-29T18:08:02","modified_gmt":"2023-03-29T18:08:02","slug":"niedzwiedzie-ucho-mieszanka","status":"publish","type":"product","link":"https:\/\/torseed.eu\/en\/produkt\/niedzwiedzie-ucho-mieszanka\/","title":{"rendered":"Nied\u017awiedzie ucho mieszanka"},"content":{"rendered":"<p>Ro\u015blina jednoroczna o wielobarwnych kwiatach, zebranych w du\u017ce koszyczki. Lubi gleb\u0119 piaszczyst\u0105. Zastosowanie: na rabaty, do ogr\u00f3dk\u00f3w skalnych oraz na kwiat ci\u0119ty.<\/p>","protected":false},"excerpt":{"rendered":"<p>Ro\u015blina jednoroczna o wielobarwnych kwiatach, zebranych w du\u017ce koszyczki. Lubi gleb\u0119 piaszczyst\u0105. Zastosowanie: na rabaty, do ogr\u00f3dk\u00f3w skalnych oraz na kwiat ci\u0119ty.<\/p>\n","protected":false},"featured_media":18822,"comment_status":"open","ping_status":"open","template":"","meta":{"inline_featured_image":false},"product_cat":[89,93],"product_tag":[],"acf":[],"featured_image":"https:\/\/torseed.eu\/app\/uploads\/2023\/03\/980.jpg","_links":{"self":[{"href":"https:\/\/torseed.eu\/en\/wp-json\/wp\/v2\/product\/29852"}],"collection":[{"href":"https:\/\/torseed.eu\/en\/wp-json\/wp\/v2\/product"}],"about":[{"href":"https:\/\/torseed.eu\/en\/wp-json\/wp\/v2\/types\/product"}],"replies":[{"embeddable":true,"href":"https:\/\/torseed.eu\/en\/wp-json\/wp\/v2\/comments?post=29852"}],"version-history":[{"count":0,"href":"https:\/\/torseed.eu\/en\/wp-json\/wp\/v2\/product\/29852\/revisions"}],"wp:featuredmedia":[{"embeddable":true,"href":"https:\/\/torseed.eu\/en\/wp-json\/wp\/v2\/media\/18822"}],"wp:attachment":[{"href":"https:\/\/torseed.eu\/en\/wp-json\/wp\/v2\/media?parent=29852"}],"wp:term":[{"taxonomy":"product_cat","embeddable":true,"href":"https:\/\/torseed.eu\/en\/wp-json\/wp\/v2\/product_cat?post=29852"},{"taxonomy":"product_tag","embeddable":true,"href":"https:\/\/torseed.eu\/en\/wp-json\/wp\/v2\/product_tag?post=29852"}],"curies":[{"name":"wp","href":"https:\/\/api.w.org\/{rel}","templated":true}]}}