{"id":29853,"date":"2022-06-15T06:30:25","date_gmt":"2022-06-15T06:30:25","guid":{"rendered":"https:\/\/refactor-second-attempt.torseed.dev.greenparrot.pl\/produkt\/onetek-mieszanka\/"},"modified":"2023-03-29T18:08:03","modified_gmt":"2023-03-29T18:08:03","slug":"onetek-mieszanka","status":"publish","type":"product","link":"https:\/\/torseed.eu\/en\/produkt\/onetek-mieszanka\/","title":{"rendered":"On\u0119tek mieszanka"},"content":{"rendered":"<p>Ro\u015blina jednoroczna o du\u017cych, pojedynczych, r\u00f3\u017cnobarwnych kwiatach. Wymaga gleby \u015brednio \u017cyznej. Zastosowanie: na kwiat ci\u0119ty i wysokie rabaty.<\/p>","protected":false},"excerpt":{"rendered":"<p>Ro\u015blina jednoroczna o du\u017cych, pojedynczych, r\u00f3\u017cnobarwnych kwiatach. Wymaga gleby \u015brednio \u017cyznej. Zastosowanie: na kwiat ci\u0119ty i wysokie rabaty.<\/p>\n","protected":false},"featured_media":18825,"comment_status":"open","ping_status":"open","template":"","meta":{"inline_featured_image":false},"product_cat":[89,93],"product_tag":[],"acf":[],"featured_image":"https:\/\/torseed.eu\/app\/uploads\/2023\/03\/982.jpg","_links":{"self":[{"href":"https:\/\/torseed.eu\/en\/wp-json\/wp\/v2\/product\/29853"}],"collection":[{"href":"https:\/\/torseed.eu\/en\/wp-json\/wp\/v2\/product"}],"about":[{"href":"https:\/\/torseed.eu\/en\/wp-json\/wp\/v2\/types\/product"}],"replies":[{"embeddable":true,"href":"https:\/\/torseed.eu\/en\/wp-json\/wp\/v2\/comments?post=29853"}],"version-history":[{"count":0,"href":"https:\/\/torseed.eu\/en\/wp-json\/wp\/v2\/product\/29853\/revisions"}],"wp:featuredmedia":[{"embeddable":true,"href":"https:\/\/torseed.eu\/en\/wp-json\/wp\/v2\/media\/18825"}],"wp:attachment":[{"href":"https:\/\/torseed.eu\/en\/wp-json\/wp\/v2\/media?parent=29853"}],"wp:term":[{"taxonomy":"product_cat","embeddable":true,"href":"https:\/\/torseed.eu\/en\/wp-json\/wp\/v2\/product_cat?post=29853"},{"taxonomy":"product_tag","embeddable":true,"href":"https:\/\/torseed.eu\/en\/wp-json\/wp\/v2\/product_tag?post=29853"}],"curies":[{"name":"wp","href":"https:\/\/api.w.org\/{rel}","templated":true}]}}