{"id":29855,"date":"2022-06-15T06:30:23","date_gmt":"2022-06-15T06:30:23","guid":{"rendered":"https:\/\/refactor-second-attempt.torseed.dev.greenparrot.pl\/produkt\/niecierpek-waleriana-mieszanka-niska\/"},"modified":"2023-03-29T18:08:05","modified_gmt":"2023-03-29T18:08:05","slug":"niecierpek-waleriana-mieszanka-niska","status":"publish","type":"product","link":"https:\/\/torseed.eu\/en\/produkt\/niecierpek-waleriana-mieszanka-niska\/","title":{"rendered":"Niecierpek Waleriana mieszanka &#8211; niska"},"content":{"rendered":"<p>Ro\u015blina jednoroczna, obficie kwitn\u0105ca, o pi\u0119knych pastelowych kwiatach. Wymaga gleby \u017cyznej, pr\u00f3chnicznej. Zastosowanie: na rabaty, balkony.<\/p>","protected":false},"excerpt":{"rendered":"<p>Ro\u015blina jednoroczna, obficie kwitn\u0105ca, o pi\u0119knych pastelowych kwiatach. Wymaga gleby \u017cyznej, pr\u00f3chnicznej. Zastosowanie: na rabaty, balkony.<\/p>\n","protected":false},"featured_media":18819,"comment_status":"open","ping_status":"open","template":"","meta":{"inline_featured_image":false},"product_cat":[89,93],"product_tag":[],"acf":[],"featured_image":"https:\/\/torseed.eu\/app\/uploads\/2023\/03\/978.jpg","_links":{"self":[{"href":"https:\/\/torseed.eu\/en\/wp-json\/wp\/v2\/product\/29855"}],"collection":[{"href":"https:\/\/torseed.eu\/en\/wp-json\/wp\/v2\/product"}],"about":[{"href":"https:\/\/torseed.eu\/en\/wp-json\/wp\/v2\/types\/product"}],"replies":[{"embeddable":true,"href":"https:\/\/torseed.eu\/en\/wp-json\/wp\/v2\/comments?post=29855"}],"version-history":[{"count":0,"href":"https:\/\/torseed.eu\/en\/wp-json\/wp\/v2\/product\/29855\/revisions"}],"wp:featuredmedia":[{"embeddable":true,"href":"https:\/\/torseed.eu\/en\/wp-json\/wp\/v2\/media\/18819"}],"wp:attachment":[{"href":"https:\/\/torseed.eu\/en\/wp-json\/wp\/v2\/media?parent=29855"}],"wp:term":[{"taxonomy":"product_cat","embeddable":true,"href":"https:\/\/torseed.eu\/en\/wp-json\/wp\/v2\/product_cat?post=29855"},{"taxonomy":"product_tag","embeddable":true,"href":"https:\/\/torseed.eu\/en\/wp-json\/wp\/v2\/product_tag?post=29855"}],"curies":[{"name":"wp","href":"https:\/\/api.w.org\/{rel}","templated":true}]}}