{"id":29856,"date":"2022-06-15T06:30:22","date_gmt":"2022-06-15T06:30:22","guid":{"rendered":"https:\/\/refactor-second-attempt.torseed.dev.greenparrot.pl\/produkt\/nasturcja-kanaryjska-pnacze-odcienie-koloru-zoltego\/"},"modified":"2023-03-29T18:08:06","modified_gmt":"2023-03-29T18:08:06","slug":"nasturcja-kanaryjska-pnacze-odcienie-koloru-zoltego","status":"publish","type":"product","link":"https:\/\/torseed.eu\/en\/produkt\/nasturcja-kanaryjska-pnacze-odcienie-koloru-zoltego\/","title":{"rendered":"Nasturcja kanaryjska pn\u0105cze, odcienie koloru \u017c\u00f3\u0142tego"},"content":{"rendered":"<p>Ro\u015blina jednoroczna pn\u0105ca. Wymaga gleby lekkiej, niezbyt \u017cyznej. Zastosowanie: do okrywania altan, balkon\u00f3w i na kwiat ci\u0119ty.<\/p>","protected":false},"excerpt":{"rendered":"<p>Ro\u015blina jednoroczna pn\u0105ca. Wymaga gleby lekkiej, niezbyt \u017cyznej. Zastosowanie: do okrywania altan, balkon\u00f3w i na kwiat ci\u0119ty.<\/p>\n","protected":false},"featured_media":18813,"comment_status":"open","ping_status":"open","template":"","meta":{"inline_featured_image":false},"product_cat":[93,89],"product_tag":[],"acf":[],"featured_image":"https:\/\/torseed.eu\/app\/uploads\/2023\/03\/970.jpg","_links":{"self":[{"href":"https:\/\/torseed.eu\/en\/wp-json\/wp\/v2\/product\/29856"}],"collection":[{"href":"https:\/\/torseed.eu\/en\/wp-json\/wp\/v2\/product"}],"about":[{"href":"https:\/\/torseed.eu\/en\/wp-json\/wp\/v2\/types\/product"}],"replies":[{"embeddable":true,"href":"https:\/\/torseed.eu\/en\/wp-json\/wp\/v2\/comments?post=29856"}],"version-history":[{"count":0,"href":"https:\/\/torseed.eu\/en\/wp-json\/wp\/v2\/product\/29856\/revisions"}],"wp:featuredmedia":[{"embeddable":true,"href":"https:\/\/torseed.eu\/en\/wp-json\/wp\/v2\/media\/18813"}],"wp:attachment":[{"href":"https:\/\/torseed.eu\/en\/wp-json\/wp\/v2\/media?parent=29856"}],"wp:term":[{"taxonomy":"product_cat","embeddable":true,"href":"https:\/\/torseed.eu\/en\/wp-json\/wp\/v2\/product_cat?post=29856"},{"taxonomy":"product_tag","embeddable":true,"href":"https:\/\/torseed.eu\/en\/wp-json\/wp\/v2\/product_tag?post=29856"}],"curies":[{"name":"wp","href":"https:\/\/api.w.org\/{rel}","templated":true}]}}