{"id":29857,"date":"2022-06-15T06:30:21","date_gmt":"2022-06-15T06:30:21","guid":{"rendered":"https:\/\/refactor-second-attempt.torseed.dev.greenparrot.pl\/produkt\/nasturcja-niska-mieszanka\/"},"modified":"2023-03-29T18:08:07","modified_gmt":"2023-03-29T18:08:07","slug":"nasturcja-niska-mieszanka","status":"publish","type":"product","link":"https:\/\/torseed.eu\/en\/produkt\/nasturcja-niska-mieszanka\/","title":{"rendered":"Nasturcja niska mieszanka"},"content":{"rendered":"<p>Ro\u015blina jednoroczna, o du\u017cych, pojedynczych kwiatach. Wymaga gleby lekkiej, niezbyt \u017cyznej. Zastosowanie: na obw\u00f3dki, balkony, rabaty.<\/p>","protected":false},"excerpt":{"rendered":"<p>Ro\u015blina jednoroczna, o du\u017cych, pojedynczych kwiatach. Wymaga gleby lekkiej, niezbyt \u017cyznej. Zastosowanie: na obw\u00f3dki, balkony, rabaty.<\/p>\n","protected":false},"featured_media":18810,"comment_status":"open","ping_status":"open","template":"","meta":{"inline_featured_image":false},"product_cat":[89,93],"product_tag":[],"acf":[],"featured_image":"https:\/\/torseed.eu\/app\/uploads\/2023\/03\/968.jpg","_links":{"self":[{"href":"https:\/\/torseed.eu\/en\/wp-json\/wp\/v2\/product\/29857"}],"collection":[{"href":"https:\/\/torseed.eu\/en\/wp-json\/wp\/v2\/product"}],"about":[{"href":"https:\/\/torseed.eu\/en\/wp-json\/wp\/v2\/types\/product"}],"replies":[{"embeddable":true,"href":"https:\/\/torseed.eu\/en\/wp-json\/wp\/v2\/comments?post=29857"}],"version-history":[{"count":0,"href":"https:\/\/torseed.eu\/en\/wp-json\/wp\/v2\/product\/29857\/revisions"}],"wp:featuredmedia":[{"embeddable":true,"href":"https:\/\/torseed.eu\/en\/wp-json\/wp\/v2\/media\/18810"}],"wp:attachment":[{"href":"https:\/\/torseed.eu\/en\/wp-json\/wp\/v2\/media?parent=29857"}],"wp:term":[{"taxonomy":"product_cat","embeddable":true,"href":"https:\/\/torseed.eu\/en\/wp-json\/wp\/v2\/product_cat?post=29857"},{"taxonomy":"product_tag","embeddable":true,"href":"https:\/\/torseed.eu\/en\/wp-json\/wp\/v2\/product_tag?post=29857"}],"curies":[{"name":"wp","href":"https:\/\/api.w.org\/{rel}","templated":true}]}}