{"id":29859,"date":"2022-06-15T06:30:20","date_gmt":"2022-06-15T06:30:20","guid":{"rendered":"https:\/\/refactor-second-attempt.torseed.dev.greenparrot.pl\/produkt\/nasturcja-wysoka-pnaca-mieszanka\/"},"modified":"2023-03-29T18:08:09","modified_gmt":"2023-03-29T18:08:09","slug":"nasturcja-wysoka-pnaca-mieszanka","status":"publish","type":"product","link":"https:\/\/torseed.eu\/en\/produkt\/nasturcja-wysoka-pnaca-mieszanka\/","title":{"rendered":"Nasturcja wysoka pn\u0105ca &#8211; mieszanka"},"content":{"rendered":"<p>Ro\u015blina jednoroczna o kwiatach pojedynczych lub pe\u0142nych z oryginaln\u0105 ostrog\u0105. Wymaga gleby lekkiej, niezbyt \u017cyznej. Zastosowanie: do okrywania altan, balkon\u00f3w. <\/p>","protected":false},"excerpt":{"rendered":"<p>Ro\u015blina jednoroczna o kwiatach pojedynczych lub pe\u0142nych z oryginaln\u0105 ostrog\u0105. Wymaga gleby lekkiej, niezbyt \u017cyznej. Zastosowanie: do okrywania altan, balkon\u00f3w.<\/p>\n","protected":false},"featured_media":18807,"comment_status":"open","ping_status":"open","template":"","meta":{"inline_featured_image":false},"product_cat":[89,93],"product_tag":[],"acf":[],"featured_image":"https:\/\/torseed.eu\/app\/uploads\/2023\/03\/966.jpg","_links":{"self":[{"href":"https:\/\/torseed.eu\/en\/wp-json\/wp\/v2\/product\/29859"}],"collection":[{"href":"https:\/\/torseed.eu\/en\/wp-json\/wp\/v2\/product"}],"about":[{"href":"https:\/\/torseed.eu\/en\/wp-json\/wp\/v2\/types\/product"}],"replies":[{"embeddable":true,"href":"https:\/\/torseed.eu\/en\/wp-json\/wp\/v2\/comments?post=29859"}],"version-history":[{"count":0,"href":"https:\/\/torseed.eu\/en\/wp-json\/wp\/v2\/product\/29859\/revisions"}],"wp:featuredmedia":[{"embeddable":true,"href":"https:\/\/torseed.eu\/en\/wp-json\/wp\/v2\/media\/18807"}],"wp:attachment":[{"href":"https:\/\/torseed.eu\/en\/wp-json\/wp\/v2\/media?parent=29859"}],"wp:term":[{"taxonomy":"product_cat","embeddable":true,"href":"https:\/\/torseed.eu\/en\/wp-json\/wp\/v2\/product_cat?post=29859"},{"taxonomy":"product_tag","embeddable":true,"href":"https:\/\/torseed.eu\/en\/wp-json\/wp\/v2\/product_tag?post=29859"}],"curies":[{"name":"wp","href":"https:\/\/api.w.org\/{rel}","templated":true}]}}