{"id":29865,"date":"2022-06-15T06:30:10","date_gmt":"2022-06-15T06:30:10","guid":{"rendered":"https:\/\/refactor-second-attempt.torseed.dev.greenparrot.pl\/produkt\/mrozy-starzec-popielaty-popielate\/"},"modified":"2023-03-29T18:08:26","modified_gmt":"2023-03-29T18:08:26","slug":"mrozy-starzec-popielaty-popielate","status":"publish","type":"product","link":"https:\/\/torseed.eu\/en\/produkt\/mrozy-starzec-popielaty-popielate\/","title":{"rendered":"Mrozy (Starzec popielaty) popielate"},"content":{"rendered":"<p>Ro\u015blina jednoroczna o popielatych ow\u0142osionych li\u015bciach. Udaje si\u0119 na ka\u017cdej ziemi ogrodowej. Zastosowanie: na obw\u00f3dki, rabaty, do dekoracji grob\u00f3w.<\/p>","protected":false},"excerpt":{"rendered":"<p>Ro\u015blina jednoroczna o popielatych ow\u0142osionych li\u015bciach. Udaje si\u0119 na ka\u017cdej ziemi ogrodowej. Zastosowanie: na obw\u00f3dki, rabaty, do dekoracji grob\u00f3w.<\/p>\n","protected":false},"featured_media":18786,"comment_status":"open","ping_status":"open","template":"","meta":{"inline_featured_image":false},"product_cat":[89,93],"product_tag":[],"acf":[],"featured_image":"https:\/\/torseed.eu\/app\/uploads\/2023\/03\/955.jpg","_links":{"self":[{"href":"https:\/\/torseed.eu\/en\/wp-json\/wp\/v2\/product\/29865"}],"collection":[{"href":"https:\/\/torseed.eu\/en\/wp-json\/wp\/v2\/product"}],"about":[{"href":"https:\/\/torseed.eu\/en\/wp-json\/wp\/v2\/types\/product"}],"replies":[{"embeddable":true,"href":"https:\/\/torseed.eu\/en\/wp-json\/wp\/v2\/comments?post=29865"}],"version-history":[{"count":0,"href":"https:\/\/torseed.eu\/en\/wp-json\/wp\/v2\/product\/29865\/revisions"}],"wp:featuredmedia":[{"embeddable":true,"href":"https:\/\/torseed.eu\/en\/wp-json\/wp\/v2\/media\/18786"}],"wp:attachment":[{"href":"https:\/\/torseed.eu\/en\/wp-json\/wp\/v2\/media?parent=29865"}],"wp:term":[{"taxonomy":"product_cat","embeddable":true,"href":"https:\/\/torseed.eu\/en\/wp-json\/wp\/v2\/product_cat?post=29865"},{"taxonomy":"product_tag","embeddable":true,"href":"https:\/\/torseed.eu\/en\/wp-json\/wp\/v2\/product_tag?post=29865"}],"curies":[{"name":"wp","href":"https:\/\/api.w.org\/{rel}","templated":true}]}}