{"id":29869,"date":"2022-06-15T06:30:07","date_gmt":"2022-06-15T06:30:07","guid":{"rendered":"https:\/\/refactor-second-attempt.torseed.dev.greenparrot.pl\/produkt\/mieszanka-kwiatow-pnacych\/"},"modified":"2023-03-29T18:08:30","modified_gmt":"2023-03-29T18:08:30","slug":"mieszanka-kwiatow-pnacych","status":"publish","type":"product","link":"https:\/\/torseed.eu\/en\/produkt\/mieszanka-kwiatow-pnacych\/","title":{"rendered":"Mieszanka kwiat\u00f3w pn\u0105cych"},"content":{"rendered":"<p>Mieszanka jednorocznych r\u00f3\u017cnobarwnych pn\u0105cych kwiat\u00f3w, kwitn\u0105cych przez ca\u0142e lato. Zastosowanie: do okrywania ogrodze\u0144, \u015bcian, murk\u00f3w, altan, do obsadzania skrzynek balkonowych i wisz\u0105cych pojemnik\u00f3w.<\/p>","protected":false},"excerpt":{"rendered":"<p>Mieszanka jednorocznych r\u00f3\u017cnobarwnych pn\u0105cych kwiat\u00f3w, kwitn\u0105cych przez ca\u0142e lato. Zastosowanie: do okrywania ogrodze\u0144, \u015bcian, murk\u00f3w, altan, do obsadzania skrzynek balkonowych i wisz\u0105cych pojemnik\u00f3w.<\/p>\n","protected":false},"featured_media":18777,"comment_status":"open","ping_status":"open","template":"","meta":{"inline_featured_image":false},"product_cat":[89,93,97],"product_tag":[],"acf":[],"featured_image":"https:\/\/torseed.eu\/app\/uploads\/2023\/03\/945.jpg","_links":{"self":[{"href":"https:\/\/torseed.eu\/en\/wp-json\/wp\/v2\/product\/29869"}],"collection":[{"href":"https:\/\/torseed.eu\/en\/wp-json\/wp\/v2\/product"}],"about":[{"href":"https:\/\/torseed.eu\/en\/wp-json\/wp\/v2\/types\/product"}],"replies":[{"embeddable":true,"href":"https:\/\/torseed.eu\/en\/wp-json\/wp\/v2\/comments?post=29869"}],"version-history":[{"count":0,"href":"https:\/\/torseed.eu\/en\/wp-json\/wp\/v2\/product\/29869\/revisions"}],"wp:featuredmedia":[{"embeddable":true,"href":"https:\/\/torseed.eu\/en\/wp-json\/wp\/v2\/media\/18777"}],"wp:attachment":[{"href":"https:\/\/torseed.eu\/en\/wp-json\/wp\/v2\/media?parent=29869"}],"wp:term":[{"taxonomy":"product_cat","embeddable":true,"href":"https:\/\/torseed.eu\/en\/wp-json\/wp\/v2\/product_cat?post=29869"},{"taxonomy":"product_tag","embeddable":true,"href":"https:\/\/torseed.eu\/en\/wp-json\/wp\/v2\/product_tag?post=29869"}],"curies":[{"name":"wp","href":"https:\/\/api.w.org\/{rel}","templated":true}]}}