{"id":29870,"date":"2022-06-15T06:30:00","date_gmt":"2022-06-15T06:30:00","guid":{"rendered":"https:\/\/refactor-second-attempt.torseed.dev.greenparrot.pl\/produkt\/melampodium-blotne-zolte\/"},"modified":"2023-03-29T18:08:31","modified_gmt":"2023-03-29T18:08:31","slug":"melampodium-blotne-zolte","status":"publish","type":"product","link":"https:\/\/torseed.eu\/en\/produkt\/melampodium-blotne-zolte\/","title":{"rendered":"Melampodium b\u0142otne \u017c\u00f3\u0142te"},"content":{"rendered":"<p>Ro\u015blina jednoroczna o z\u0142oto\u017c\u00f3\u0142tych kwiatach, kulistego pokroju. Wymaga gleby przepuszczalnej, lekko kwa\u015bnej. Zastosowanie: na rabaty, do pojemnik\u00f3w, przy oczkach wodnych.<\/p>","protected":false},"excerpt":{"rendered":"<p>Ro\u015blina jednoroczna o z\u0142oto\u017c\u00f3\u0142tych kwiatach, kulistego pokroju. Wymaga gleby przepuszczalnej, lekko kwa\u015bnej. Zastosowanie: na rabaty, do pojemnik\u00f3w, przy oczkach wodnych.<\/p>\n","protected":false},"featured_media":18771,"comment_status":"open","ping_status":"open","template":"","meta":{"inline_featured_image":false},"product_cat":[89,93],"product_tag":[],"acf":[],"featured_image":"https:\/\/torseed.eu\/app\/uploads\/2023\/03\/941.jpg","_links":{"self":[{"href":"https:\/\/torseed.eu\/en\/wp-json\/wp\/v2\/product\/29870"}],"collection":[{"href":"https:\/\/torseed.eu\/en\/wp-json\/wp\/v2\/product"}],"about":[{"href":"https:\/\/torseed.eu\/en\/wp-json\/wp\/v2\/types\/product"}],"replies":[{"embeddable":true,"href":"https:\/\/torseed.eu\/en\/wp-json\/wp\/v2\/comments?post=29870"}],"version-history":[{"count":0,"href":"https:\/\/torseed.eu\/en\/wp-json\/wp\/v2\/product\/29870\/revisions"}],"wp:featuredmedia":[{"embeddable":true,"href":"https:\/\/torseed.eu\/en\/wp-json\/wp\/v2\/media\/18771"}],"wp:attachment":[{"href":"https:\/\/torseed.eu\/en\/wp-json\/wp\/v2\/media?parent=29870"}],"wp:term":[{"taxonomy":"product_cat","embeddable":true,"href":"https:\/\/torseed.eu\/en\/wp-json\/wp\/v2\/product_cat?post=29870"},{"taxonomy":"product_tag","embeddable":true,"href":"https:\/\/torseed.eu\/en\/wp-json\/wp\/v2\/product_tag?post=29870"}],"curies":[{"name":"wp","href":"https:\/\/api.w.org\/{rel}","templated":true}]}}