{"id":29873,"date":"2022-06-15T06:29:58","date_gmt":"2022-06-15T06:29:58","guid":{"rendered":"https:\/\/refactor-second-attempt.torseed.dev.greenparrot.pl\/produkt\/mak-polny-mieszanka\/"},"modified":"2023-03-29T18:08:33","modified_gmt":"2023-03-29T18:08:33","slug":"mak-polny-mieszanka","status":"publish","type":"product","link":"https:\/\/torseed.eu\/en\/produkt\/mak-polny-mieszanka\/","title":{"rendered":"Mak polny mieszanka"},"content":{"rendered":"<p>Ro\u015blina jednoroczna o pojedynczych lub p\u00f3\u0142pe\u0142nych kwiatach barwy bia\u0142ej, r\u00f3\u017cowej i czerwonej. Nie znosi przesadzania. Zastosowanie: na rabaty, obw\u00f3dki, ogr\u00f3dki skalne i na kwiat ci\u0119ty.<\/p>","protected":false},"excerpt":{"rendered":"<p>Ro\u015blina jednoroczna o pojedynczych lub p\u00f3\u0142pe\u0142nych kwiatach barwy bia\u0142ej, r\u00f3\u017cowej i czerwonej. Nie znosi przesadzania. Zastosowanie: na rabaty, obw\u00f3dki, ogr\u00f3dki skalne i na kwiat ci\u0119ty.<\/p>\n","protected":false},"featured_media":18762,"comment_status":"open","ping_status":"open","template":"","meta":{"inline_featured_image":false},"product_cat":[89,93],"product_tag":[],"acf":[],"featured_image":"https:\/\/torseed.eu\/app\/uploads\/2023\/03\/928.jpg","_links":{"self":[{"href":"https:\/\/torseed.eu\/en\/wp-json\/wp\/v2\/product\/29873"}],"collection":[{"href":"https:\/\/torseed.eu\/en\/wp-json\/wp\/v2\/product"}],"about":[{"href":"https:\/\/torseed.eu\/en\/wp-json\/wp\/v2\/types\/product"}],"replies":[{"embeddable":true,"href":"https:\/\/torseed.eu\/en\/wp-json\/wp\/v2\/comments?post=29873"}],"version-history":[{"count":0,"href":"https:\/\/torseed.eu\/en\/wp-json\/wp\/v2\/product\/29873\/revisions"}],"wp:featuredmedia":[{"embeddable":true,"href":"https:\/\/torseed.eu\/en\/wp-json\/wp\/v2\/media\/18762"}],"wp:attachment":[{"href":"https:\/\/torseed.eu\/en\/wp-json\/wp\/v2\/media?parent=29873"}],"wp:term":[{"taxonomy":"product_cat","embeddable":true,"href":"https:\/\/torseed.eu\/en\/wp-json\/wp\/v2\/product_cat?post=29873"},{"taxonomy":"product_tag","embeddable":true,"href":"https:\/\/torseed.eu\/en\/wp-json\/wp\/v2\/product_tag?post=29873"}],"curies":[{"name":"wp","href":"https:\/\/api.w.org\/{rel}","templated":true}]}}