{"id":29874,"date":"2022-06-15T06:29:57","date_gmt":"2022-06-15T06:29:57","guid":{"rendered":"https:\/\/refactor-second-attempt.torseed.dev.greenparrot.pl\/produkt\/mak-polny-pojedynczy-czerwony\/"},"modified":"2023-03-29T18:08:35","modified_gmt":"2023-03-29T18:08:35","slug":"mak-polny-pojedynczy-czerwony","status":"publish","type":"product","link":"https:\/\/torseed.eu\/en\/produkt\/mak-polny-pojedynczy-czerwony\/","title":{"rendered":"Mak polny pojedynczy czerwony"},"content":{"rendered":"<p>Ro\u015blina jednoroczna o ma\u0142ych wymaganiach uprawowych i glebowych, odporna na ch\u0142ody i wahania temperatury. Mo\u017ce by\u0107 wysiewana zar\u00f3wno wczesn\u0105 wiosn\u0105 (marzec) jak i jesieni\u0105, ale bardzo cz\u0119sto nast\u0119puje te\u017c jej samowysiew. Mak dorasta do wysoko\u015bci 60-90 cm, kwitnie od p\u00f3\u017anej wiosny do ko\u0144ca lata przez okres 20-30 dni. Pi\u0119knie wygl\u0105da na naturalistycznych rabatach w stylu \u201ewiejski ogr\u00f3d\u201c oraz na \u0142\u0105czkach kwiatowych. Opr\u00f3cz swoich walor\u00f3w dekoracyjnych, p\u0142atki kwiatowe posiadaj\u0105 r\u00f3wnie\u017c w\u0142a\u015bciwo\u015bci lecznicze: uporczywy kaszel, nie\u017cyty jamy ustnej i gard\u0142a, wykazuje te\u017c dzia\u0142anie uspokajaj\u0105ce.<\/p>","protected":false},"excerpt":{"rendered":"<p>Ro\u015blina jednoroczna o ma\u0142ych wymaganiach uprawowych i glebowych, odporna na ch\u0142ody i wahania temperatury. Mo\u017ce by\u0107 wysiewana zar\u00f3wno wczesn\u0105 wiosn\u0105 (marzec) jak i jesieni\u0105, ale bardzo cz\u0119sto nast\u0119puje te\u017c jej samowysiew. Mak dorasta do wysoko\u015bci 60-90 cm, kwitnie od p\u00f3\u017anej wiosny do ko\u0144ca lata przez okres 20-30 dni. Pi\u0119knie wygl\u0105da na naturalistycznych rabatach w stylu [&hellip;]<\/p>\n","protected":false},"featured_media":28631,"comment_status":"open","ping_status":"closed","template":"","meta":{"inline_featured_image":false},"product_cat":[89,93,129],"product_tag":[],"acf":[],"featured_image":"https:\/\/torseed.eu\/app\/uploads\/2023\/03\/9504.jpg","_links":{"self":[{"href":"https:\/\/torseed.eu\/en\/wp-json\/wp\/v2\/product\/29874"}],"collection":[{"href":"https:\/\/torseed.eu\/en\/wp-json\/wp\/v2\/product"}],"about":[{"href":"https:\/\/torseed.eu\/en\/wp-json\/wp\/v2\/types\/product"}],"replies":[{"embeddable":true,"href":"https:\/\/torseed.eu\/en\/wp-json\/wp\/v2\/comments?post=29874"}],"version-history":[{"count":0,"href":"https:\/\/torseed.eu\/en\/wp-json\/wp\/v2\/product\/29874\/revisions"}],"wp:featuredmedia":[{"embeddable":true,"href":"https:\/\/torseed.eu\/en\/wp-json\/wp\/v2\/media\/28631"}],"wp:attachment":[{"href":"https:\/\/torseed.eu\/en\/wp-json\/wp\/v2\/media?parent=29874"}],"wp:term":[{"taxonomy":"product_cat","embeddable":true,"href":"https:\/\/torseed.eu\/en\/wp-json\/wp\/v2\/product_cat?post=29874"},{"taxonomy":"product_tag","embeddable":true,"href":"https:\/\/torseed.eu\/en\/wp-json\/wp\/v2\/product_tag?post=29874"}],"curies":[{"name":"wp","href":"https:\/\/api.w.org\/{rel}","templated":true}]}}