{"id":29877,"date":"2022-06-15T06:29:55","date_gmt":"2022-06-15T06:29:55","guid":{"rendered":"https:\/\/refactor-second-attempt.torseed.dev.greenparrot.pl\/produkt\/lubin-hartwega-mieszanka\/"},"modified":"2023-03-29T18:08:37","modified_gmt":"2023-03-29T18:08:37","slug":"lubin-hartwega-mieszanka","status":"publish","type":"product","link":"https:\/\/torseed.eu\/en\/produkt\/lubin-hartwega-mieszanka\/","title":{"rendered":"\u0141ubin Hartwega mieszanka"},"content":{"rendered":"<p>Ro\u015blina jednoroczna o r\u00f3\u017cnobarwnych, d\u0142ugich kwiatostanach. Wymaga gleby l\u017cejszej, zasobnej w  wapno. Zastosowanie: na kwiat ci\u0119ty, rabaty.<\/p>","protected":false},"excerpt":{"rendered":"<p>Ro\u015blina jednoroczna o r\u00f3\u017cnobarwnych, d\u0142ugich kwiatostanach. Wymaga gleby l\u017cejszej, zasobnej w wapno. Zastosowanie: na kwiat ci\u0119ty, rabaty.<\/p>\n","protected":false},"featured_media":18750,"comment_status":"open","ping_status":"open","template":"","meta":{"inline_featured_image":false},"product_cat":[89,93],"product_tag":[],"acf":[],"featured_image":"https:\/\/torseed.eu\/app\/uploads\/2023\/03\/923.jpg","_links":{"self":[{"href":"https:\/\/torseed.eu\/en\/wp-json\/wp\/v2\/product\/29877"}],"collection":[{"href":"https:\/\/torseed.eu\/en\/wp-json\/wp\/v2\/product"}],"about":[{"href":"https:\/\/torseed.eu\/en\/wp-json\/wp\/v2\/types\/product"}],"replies":[{"embeddable":true,"href":"https:\/\/torseed.eu\/en\/wp-json\/wp\/v2\/comments?post=29877"}],"version-history":[{"count":0,"href":"https:\/\/torseed.eu\/en\/wp-json\/wp\/v2\/product\/29877\/revisions"}],"wp:featuredmedia":[{"embeddable":true,"href":"https:\/\/torseed.eu\/en\/wp-json\/wp\/v2\/media\/18750"}],"wp:attachment":[{"href":"https:\/\/torseed.eu\/en\/wp-json\/wp\/v2\/media?parent=29877"}],"wp:term":[{"taxonomy":"product_cat","embeddable":true,"href":"https:\/\/torseed.eu\/en\/wp-json\/wp\/v2\/product_cat?post=29877"},{"taxonomy":"product_tag","embeddable":true,"href":"https:\/\/torseed.eu\/en\/wp-json\/wp\/v2\/product_tag?post=29877"}],"curies":[{"name":"wp","href":"https:\/\/api.w.org\/{rel}","templated":true}]}}