{"id":29896,"date":"2022-06-15T06:29:29","date_gmt":"2022-06-15T06:29:29","guid":{"rendered":"https:\/\/refactor-second-attempt.torseed.dev.greenparrot.pl\/produkt\/lewkonia-letnia-excelsior-wisniowoamarantowa\/"},"modified":"2023-03-29T18:09:07","modified_gmt":"2023-03-29T18:09:07","slug":"lewkonia-letnia-excelsior-wisniowoamarantowa","status":"publish","type":"product","link":"https:\/\/torseed.eu\/en\/produkt\/lewkonia-letnia-excelsior-wisniowoamarantowa\/","title":{"rendered":"Lewkonia letnia Excelsior wi\u015bniowoamarantowa"},"content":{"rendered":"<p>Ro\u015blina jednoroczna o pe\u0142nych, pachn\u0105cych kwiatach. Wymaga ziemi \u017cyznej. Zastosowanie: na kwiat ci\u0119ty, na rabaty, doskona\u0142a do wiosennego p\u0119dzenia.<\/p>","protected":false},"excerpt":{"rendered":"<p>Ro\u015blina jednoroczna o pe\u0142nych, pachn\u0105cych kwiatach. Wymaga ziemi \u017cyznej. Zastosowanie: na kwiat ci\u0119ty, na rabaty, doskona\u0142a do wiosennego p\u0119dzenia.<\/p>\n","protected":false},"featured_media":18689,"comment_status":"open","ping_status":"open","template":"","meta":{"inline_featured_image":false},"product_cat":[89,93],"product_tag":[],"acf":[],"featured_image":"https:\/\/torseed.eu\/app\/uploads\/2023\/03\/893.jpg","_links":{"self":[{"href":"https:\/\/torseed.eu\/en\/wp-json\/wp\/v2\/product\/29896"}],"collection":[{"href":"https:\/\/torseed.eu\/en\/wp-json\/wp\/v2\/product"}],"about":[{"href":"https:\/\/torseed.eu\/en\/wp-json\/wp\/v2\/types\/product"}],"replies":[{"embeddable":true,"href":"https:\/\/torseed.eu\/en\/wp-json\/wp\/v2\/comments?post=29896"}],"version-history":[{"count":0,"href":"https:\/\/torseed.eu\/en\/wp-json\/wp\/v2\/product\/29896\/revisions"}],"wp:featuredmedia":[{"embeddable":true,"href":"https:\/\/torseed.eu\/en\/wp-json\/wp\/v2\/media\/18689"}],"wp:attachment":[{"href":"https:\/\/torseed.eu\/en\/wp-json\/wp\/v2\/media?parent=29896"}],"wp:term":[{"taxonomy":"product_cat","embeddable":true,"href":"https:\/\/torseed.eu\/en\/wp-json\/wp\/v2\/product_cat?post=29896"},{"taxonomy":"product_tag","embeddable":true,"href":"https:\/\/torseed.eu\/en\/wp-json\/wp\/v2\/product_tag?post=29896"}],"curies":[{"name":"wp","href":"https:\/\/api.w.org\/{rel}","templated":true}]}}