{"id":29904,"date":"2022-06-15T06:29:17","date_gmt":"2022-06-15T06:29:17","guid":{"rendered":"https:\/\/refactor-second-attempt.torseed.dev.greenparrot.pl\/produkt\/lak-jednoroczny-mieszanka\/"},"modified":"2023-03-29T18:09:14","modified_gmt":"2023-03-29T18:09:14","slug":"lak-jednoroczny-mieszanka","status":"publish","type":"product","link":"https:\/\/torseed.eu\/en\/produkt\/lak-jednoroczny-mieszanka\/","title":{"rendered":"Lak jednoroczny mieszanka"},"content":{"rendered":"<p>Ro\u015blina jednoroczna o silnie pachn\u0105cych r\u00f3\u017cnobarwnych kwiatach. Wymaga gleby gliniastej, \u017cyznej, pr\u00f3chniczej. Zastosowanie: na rabaty, na kwiat ci\u0119ty.<\/p>","protected":false},"excerpt":{"rendered":"<p>Ro\u015blina jednoroczna o silnie pachn\u0105cych r\u00f3\u017cnobarwnych kwiatach. Wymaga gleby gliniastej, \u017cyznej, pr\u00f3chniczej. Zastosowanie: na rabaty, na kwiat ci\u0119ty.<\/p>\n","protected":false},"featured_media":18665,"comment_status":"open","ping_status":"open","template":"","meta":{"inline_featured_image":false},"product_cat":[89,93],"product_tag":[],"acf":[],"featured_image":"https:\/\/torseed.eu\/app\/uploads\/2023\/03\/880.jpg","_links":{"self":[{"href":"https:\/\/torseed.eu\/en\/wp-json\/wp\/v2\/product\/29904"}],"collection":[{"href":"https:\/\/torseed.eu\/en\/wp-json\/wp\/v2\/product"}],"about":[{"href":"https:\/\/torseed.eu\/en\/wp-json\/wp\/v2\/types\/product"}],"replies":[{"embeddable":true,"href":"https:\/\/torseed.eu\/en\/wp-json\/wp\/v2\/comments?post=29904"}],"version-history":[{"count":0,"href":"https:\/\/torseed.eu\/en\/wp-json\/wp\/v2\/product\/29904\/revisions"}],"wp:featuredmedia":[{"embeddable":true,"href":"https:\/\/torseed.eu\/en\/wp-json\/wp\/v2\/media\/18665"}],"wp:attachment":[{"href":"https:\/\/torseed.eu\/en\/wp-json\/wp\/v2\/media?parent=29904"}],"wp:term":[{"taxonomy":"product_cat","embeddable":true,"href":"https:\/\/torseed.eu\/en\/wp-json\/wp\/v2\/product_cat?post=29904"},{"taxonomy":"product_tag","embeddable":true,"href":"https:\/\/torseed.eu\/en\/wp-json\/wp\/v2\/product_tag?post=29904"}],"curies":[{"name":"wp","href":"https:\/\/api.w.org\/{rel}","templated":true}]}}