{"id":29905,"date":"2022-06-15T06:29:17","date_gmt":"2022-06-15T06:29:17","guid":{"rendered":"https:\/\/refactor-second-attempt.torseed.dev.greenparrot.pl\/produkt\/leptosifon-mieszanka\/"},"modified":"2023-03-29T18:09:27","modified_gmt":"2023-03-29T18:09:27","slug":"leptosifon-mieszanka","status":"publish","type":"product","link":"https:\/\/torseed.eu\/en\/produkt\/leptosifon-mieszanka\/","title":{"rendered":"Leptosifon mieszanka"},"content":{"rendered":"<p>Ro\u015blina jednoroczna, silnie, krzewi\u0105ca si\u0119 o r\u00f3\u017cnobarwnych gwiazdkowatych kwiatach. Zastosowanie: do ogr\u00f3dk\u00f3w skalnych, na niskie rabaty. <\/p>","protected":false},"excerpt":{"rendered":"<p>Ro\u015blina jednoroczna, silnie, krzewi\u0105ca si\u0119 o r\u00f3\u017cnobarwnych gwiazdkowatych kwiatach. Zastosowanie: do ogr\u00f3dk\u00f3w skalnych, na niskie rabaty.<\/p>\n","protected":false},"featured_media":18668,"comment_status":"open","ping_status":"open","template":"","meta":{"inline_featured_image":false},"product_cat":[93,89],"product_tag":[],"acf":[],"featured_image":"https:\/\/torseed.eu\/app\/uploads\/2023\/03\/886.jpg","_links":{"self":[{"href":"https:\/\/torseed.eu\/en\/wp-json\/wp\/v2\/product\/29905"}],"collection":[{"href":"https:\/\/torseed.eu\/en\/wp-json\/wp\/v2\/product"}],"about":[{"href":"https:\/\/torseed.eu\/en\/wp-json\/wp\/v2\/types\/product"}],"replies":[{"embeddable":true,"href":"https:\/\/torseed.eu\/en\/wp-json\/wp\/v2\/comments?post=29905"}],"version-history":[{"count":0,"href":"https:\/\/torseed.eu\/en\/wp-json\/wp\/v2\/product\/29905\/revisions"}],"wp:featuredmedia":[{"embeddable":true,"href":"https:\/\/torseed.eu\/en\/wp-json\/wp\/v2\/media\/18668"}],"wp:attachment":[{"href":"https:\/\/torseed.eu\/en\/wp-json\/wp\/v2\/media?parent=29905"}],"wp:term":[{"taxonomy":"product_cat","embeddable":true,"href":"https:\/\/torseed.eu\/en\/wp-json\/wp\/v2\/product_cat?post=29905"},{"taxonomy":"product_tag","embeddable":true,"href":"https:\/\/torseed.eu\/en\/wp-json\/wp\/v2\/product_tag?post=29905"}],"curies":[{"name":"wp","href":"https:\/\/api.w.org\/{rel}","templated":true}]}}