{"id":29909,"date":"2022-06-15T06:29:13","date_gmt":"2022-06-15T06:29:13","guid":{"rendered":"https:\/\/refactor-second-attempt.torseed.dev.greenparrot.pl\/produkt\/kraspedia-zolta\/"},"modified":"2023-03-29T18:09:31","modified_gmt":"2023-03-29T18:09:31","slug":"kraspedia-zolta","status":"publish","type":"product","link":"https:\/\/torseed.eu\/en\/produkt\/kraspedia-zolta\/","title":{"rendered":"Kraspedia \u017c\u00f3\u0142ta"},"content":{"rendered":"<p>Ro\u015blina jednoroczna o \u017c\u00f3\u0142tych kulistych kwiatostanach. Udaje si\u0119 na ka\u017cdej glebie. Zastosowanie: na kwiat ci\u0119ty i do suchych kompozycji.<\/p>","protected":false},"excerpt":{"rendered":"<p>Ro\u015blina jednoroczna o \u017c\u00f3\u0142tych kulistych kwiatostanach. Udaje si\u0119 na ka\u017cdej glebie. Zastosowanie: na kwiat ci\u0119ty i do suchych kompozycji.<\/p>\n","protected":false},"featured_media":18653,"comment_status":"open","ping_status":"open","template":"","meta":{"inline_featured_image":false},"product_cat":[93,89],"product_tag":[],"acf":[],"featured_image":"https:\/\/torseed.eu\/app\/uploads\/2023\/03\/874.jpg","_links":{"self":[{"href":"https:\/\/torseed.eu\/en\/wp-json\/wp\/v2\/product\/29909"}],"collection":[{"href":"https:\/\/torseed.eu\/en\/wp-json\/wp\/v2\/product"}],"about":[{"href":"https:\/\/torseed.eu\/en\/wp-json\/wp\/v2\/types\/product"}],"replies":[{"embeddable":true,"href":"https:\/\/torseed.eu\/en\/wp-json\/wp\/v2\/comments?post=29909"}],"version-history":[{"count":0,"href":"https:\/\/torseed.eu\/en\/wp-json\/wp\/v2\/product\/29909\/revisions"}],"wp:featuredmedia":[{"embeddable":true,"href":"https:\/\/torseed.eu\/en\/wp-json\/wp\/v2\/media\/18653"}],"wp:attachment":[{"href":"https:\/\/torseed.eu\/en\/wp-json\/wp\/v2\/media?parent=29909"}],"wp:term":[{"taxonomy":"product_cat","embeddable":true,"href":"https:\/\/torseed.eu\/en\/wp-json\/wp\/v2\/product_cat?post=29909"},{"taxonomy":"product_tag","embeddable":true,"href":"https:\/\/torseed.eu\/en\/wp-json\/wp\/v2\/product_tag?post=29909"}],"curies":[{"name":"wp","href":"https:\/\/api.w.org\/{rel}","templated":true}]}}