{"id":29913,"date":"2022-06-15T06:29:05","date_gmt":"2022-06-15T06:29:05","guid":{"rendered":"https:\/\/refactor-second-attempt.torseed.dev.greenparrot.pl\/produkt\/kobea-pnaca-fioletowa\/"},"modified":"2023-03-29T18:09:34","modified_gmt":"2023-03-29T18:09:34","slug":"kobea-pnaca-fioletowa","status":"publish","type":"product","link":"https:\/\/torseed.eu\/en\/produkt\/kobea-pnaca-fioletowa\/","title":{"rendered":"Kobea pn\u0105ca fioletowa"},"content":{"rendered":"<p>Ro\u015blina jednoroczna, pn\u0105ca o fioletowych lub bia\u0142ych kwiatach. Wymaga gleby \u017cyznej, gliniastopr\u00f3chnicznej. Zastosowanie: do okrywania altan, balkon\u00f3w.<\/p>","protected":false},"excerpt":{"rendered":"<p>Ro\u015blina jednoroczna, pn\u0105ca o fioletowych lub bia\u0142ych kwiatach. Wymaga gleby \u017cyznej, gliniastopr\u00f3chnicznej. Zastosowanie: do okrywania altan, balkon\u00f3w.<\/p>\n","protected":false},"featured_media":18644,"comment_status":"open","ping_status":"open","template":"","meta":{"inline_featured_image":false},"product_cat":[89,93],"product_tag":[],"acf":[],"featured_image":"https:\/\/torseed.eu\/app\/uploads\/2023\/03\/870.jpg","_links":{"self":[{"href":"https:\/\/torseed.eu\/en\/wp-json\/wp\/v2\/product\/29913"}],"collection":[{"href":"https:\/\/torseed.eu\/en\/wp-json\/wp\/v2\/product"}],"about":[{"href":"https:\/\/torseed.eu\/en\/wp-json\/wp\/v2\/types\/product"}],"replies":[{"embeddable":true,"href":"https:\/\/torseed.eu\/en\/wp-json\/wp\/v2\/comments?post=29913"}],"version-history":[{"count":0,"href":"https:\/\/torseed.eu\/en\/wp-json\/wp\/v2\/product\/29913\/revisions"}],"wp:featuredmedia":[{"embeddable":true,"href":"https:\/\/torseed.eu\/en\/wp-json\/wp\/v2\/media\/18644"}],"wp:attachment":[{"href":"https:\/\/torseed.eu\/en\/wp-json\/wp\/v2\/media?parent=29913"}],"wp:term":[{"taxonomy":"product_cat","embeddable":true,"href":"https:\/\/torseed.eu\/en\/wp-json\/wp\/v2\/product_cat?post=29913"},{"taxonomy":"product_tag","embeddable":true,"href":"https:\/\/torseed.eu\/en\/wp-json\/wp\/v2\/product_tag?post=29913"}],"curies":[{"name":"wp","href":"https:\/\/api.w.org\/{rel}","templated":true}]}}