{"id":29914,"date":"2022-06-15T06:29:04","date_gmt":"2022-06-15T06:29:04","guid":{"rendered":"https:\/\/refactor-second-attempt.torseed.dev.greenparrot.pl\/produkt\/kleoma-ciernista-rozowa\/"},"modified":"2023-03-29T18:09:35","modified_gmt":"2023-03-29T18:09:35","slug":"kleoma-ciernista-rozowa","status":"publish","type":"product","link":"https:\/\/torseed.eu\/en\/produkt\/kleoma-ciernista-rozowa\/","title":{"rendered":"Kleoma ciernista r\u00f3\u017cowa"},"content":{"rendered":"<p>Ro\u015blina jednoroczna o silnie pachn\u0105cych kwiatach. Wymaga gleby \u017cyznej, przepuszczalnej. Zastosowanie: na kwiat ci\u0119ty, na wysokie rabaty.<\/p>","protected":false},"excerpt":{"rendered":"<p>Ro\u015blina jednoroczna o silnie pachn\u0105cych kwiatach. Wymaga gleby \u017cyznej, przepuszczalnej. Zastosowanie: na kwiat ci\u0119ty, na wysokie rabaty.<\/p>\n","protected":false},"featured_media":18638,"comment_status":"open","ping_status":"open","template":"","meta":{"inline_featured_image":false},"product_cat":[89,93],"product_tag":[],"acf":[],"featured_image":"https:\/\/torseed.eu\/app\/uploads\/2023\/03\/867.jpg","_links":{"self":[{"href":"https:\/\/torseed.eu\/en\/wp-json\/wp\/v2\/product\/29914"}],"collection":[{"href":"https:\/\/torseed.eu\/en\/wp-json\/wp\/v2\/product"}],"about":[{"href":"https:\/\/torseed.eu\/en\/wp-json\/wp\/v2\/types\/product"}],"replies":[{"embeddable":true,"href":"https:\/\/torseed.eu\/en\/wp-json\/wp\/v2\/comments?post=29914"}],"version-history":[{"count":0,"href":"https:\/\/torseed.eu\/en\/wp-json\/wp\/v2\/product\/29914\/revisions"}],"wp:featuredmedia":[{"embeddable":true,"href":"https:\/\/torseed.eu\/en\/wp-json\/wp\/v2\/media\/18638"}],"wp:attachment":[{"href":"https:\/\/torseed.eu\/en\/wp-json\/wp\/v2\/media?parent=29914"}],"wp:term":[{"taxonomy":"product_cat","embeddable":true,"href":"https:\/\/torseed.eu\/en\/wp-json\/wp\/v2\/product_cat?post=29914"},{"taxonomy":"product_tag","embeddable":true,"href":"https:\/\/torseed.eu\/en\/wp-json\/wp\/v2\/product_tag?post=29914"}],"curies":[{"name":"wp","href":"https:\/\/api.w.org\/{rel}","templated":true}]}}