{"id":29921,"date":"2022-06-15T06:28:53","date_gmt":"2022-06-15T06:28:53","guid":{"rendered":"https:\/\/refactor-second-attempt.torseed.dev.greenparrot.pl\/produkt\/godecja-wielkokwiatowa-karminowoszkarlatna\/"},"modified":"2023-03-29T18:09:41","modified_gmt":"2023-03-29T18:09:41","slug":"godecja-wielkokwiatowa-karminowoszkarlatna","status":"publish","type":"product","link":"https:\/\/torseed.eu\/en\/produkt\/godecja-wielkokwiatowa-karminowoszkarlatna\/","title":{"rendered":"Godecja wielkokwiatowa karminowoszkar\u0142atna"},"content":{"rendered":"<p>Ro\u015b\u0142ina jednoroczna o karminowor\u00f3\u017cowych kwiatach z aksamitnym po\u0142yskiem. Udaje si\u0119 na glebie niezbyt suchej. Zastosowanie: na rabaty, na kwiat ci\u0119ty.<\/p>","protected":false},"excerpt":{"rendered":"<p>Ro\u015b\u0142ina jednoroczna o karminowor\u00f3\u017cowych kwiatach z aksamitnym po\u0142yskiem. Udaje si\u0119 na glebie niezbyt suchej. Zastosowanie: na rabaty, na kwiat ci\u0119ty.<\/p>\n","protected":false},"featured_media":18617,"comment_status":"open","ping_status":"open","template":"","meta":{"inline_featured_image":false},"product_cat":[89,93],"product_tag":[],"acf":[],"featured_image":"https:\/\/torseed.eu\/app\/uploads\/2023\/03\/852.jpg","_links":{"self":[{"href":"https:\/\/torseed.eu\/en\/wp-json\/wp\/v2\/product\/29921"}],"collection":[{"href":"https:\/\/torseed.eu\/en\/wp-json\/wp\/v2\/product"}],"about":[{"href":"https:\/\/torseed.eu\/en\/wp-json\/wp\/v2\/types\/product"}],"replies":[{"embeddable":true,"href":"https:\/\/torseed.eu\/en\/wp-json\/wp\/v2\/comments?post=29921"}],"version-history":[{"count":0,"href":"https:\/\/torseed.eu\/en\/wp-json\/wp\/v2\/product\/29921\/revisions"}],"wp:featuredmedia":[{"embeddable":true,"href":"https:\/\/torseed.eu\/en\/wp-json\/wp\/v2\/media\/18617"}],"wp:attachment":[{"href":"https:\/\/torseed.eu\/en\/wp-json\/wp\/v2\/media?parent=29921"}],"wp:term":[{"taxonomy":"product_cat","embeddable":true,"href":"https:\/\/torseed.eu\/en\/wp-json\/wp\/v2\/product_cat?post=29921"},{"taxonomy":"product_tag","embeddable":true,"href":"https:\/\/torseed.eu\/en\/wp-json\/wp\/v2\/product_tag?post=29921"}],"curies":[{"name":"wp","href":"https:\/\/api.w.org\/{rel}","templated":true}]}}