{"id":29928,"date":"2022-06-15T06:28:47","date_gmt":"2022-06-15T06:28:47","guid":{"rendered":"https:\/\/refactor-second-attempt.torseed.dev.greenparrot.pl\/produkt\/eszolcja-maczek-kalifornijski-czerwona\/"},"modified":"2023-03-29T18:09:59","modified_gmt":"2023-03-29T18:09:59","slug":"eszolcja-maczek-kalifornijski-czerwona","status":"publish","type":"product","link":"https:\/\/torseed.eu\/en\/produkt\/eszolcja-maczek-kalifornijski-czerwona\/","title":{"rendered":"Eszolcja (Maczek kalifornijski) czerwona"},"content":{"rendered":"<p>Ro\u015blina jednoroczna o r\u00f3\u017cnobarwnych kwiatach. Wymaga gleby lekkiej, suchej. Zastosowanie: na rabaty i obw\u00f3dki.<\/p>","protected":false},"excerpt":{"rendered":"<p>Ro\u015blina jednoroczna o r\u00f3\u017cnobarwnych kwiatach. Wymaga gleby lekkiej, suchej. Zastosowanie: na rabaty i obw\u00f3dki.<\/p>\n","protected":false},"featured_media":28354,"comment_status":"open","ping_status":"closed","template":"","meta":{"inline_featured_image":false},"product_cat":[89,93],"product_tag":[],"acf":[],"featured_image":"https:\/\/torseed.eu\/app\/uploads\/2023\/03\/926.jpg","_links":{"self":[{"href":"https:\/\/torseed.eu\/en\/wp-json\/wp\/v2\/product\/29928"}],"collection":[{"href":"https:\/\/torseed.eu\/en\/wp-json\/wp\/v2\/product"}],"about":[{"href":"https:\/\/torseed.eu\/en\/wp-json\/wp\/v2\/types\/product"}],"replies":[{"embeddable":true,"href":"https:\/\/torseed.eu\/en\/wp-json\/wp\/v2\/comments?post=29928"}],"version-history":[{"count":0,"href":"https:\/\/torseed.eu\/en\/wp-json\/wp\/v2\/product\/29928\/revisions"}],"wp:featuredmedia":[{"embeddable":true,"href":"https:\/\/torseed.eu\/en\/wp-json\/wp\/v2\/media\/28354"}],"wp:attachment":[{"href":"https:\/\/torseed.eu\/en\/wp-json\/wp\/v2\/media?parent=29928"}],"wp:term":[{"taxonomy":"product_cat","embeddable":true,"href":"https:\/\/torseed.eu\/en\/wp-json\/wp\/v2\/product_cat?post=29928"},{"taxonomy":"product_tag","embeddable":true,"href":"https:\/\/torseed.eu\/en\/wp-json\/wp\/v2\/product_tag?post=29928"}],"curies":[{"name":"wp","href":"https:\/\/api.w.org\/{rel}","templated":true}]}}