{"id":29935,"date":"2022-06-15T06:28:36","date_gmt":"2022-06-15T06:28:36","guid":{"rendered":"https:\/\/refactor-second-attempt.torseed.dev.greenparrot.pl\/produkt\/dynia-ozdobna-mieszanka\/"},"modified":"2023-03-29T18:10:05","modified_gmt":"2023-03-29T18:10:05","slug":"dynia-ozdobna-mieszanka","status":"publish","type":"product","link":"https:\/\/torseed.eu\/en\/produkt\/dynia-ozdobna-mieszanka\/","title":{"rendered":"Dynia ozdobna mieszanka"},"content":{"rendered":"<p>Ro\u015blina jednoroczna p\u0142o\u017c\u0105ca si\u0119 lub pn\u0105ca o bardzo efektownych, wielobarwnych owocach r\u00f3\u017cnego kszta\u0142tu i wielko\u015bci. Wymaga gleby \u017cyznej, kompostowej. Zastosowanie: do okrywania altan, ogrodze\u0144, owoce do suchych kompozycji.<\/p>","protected":false},"excerpt":{"rendered":"<p>Ro\u015blina jednoroczna p\u0142o\u017c\u0105ca si\u0119 lub pn\u0105ca o bardzo efektownych, wielobarwnych owocach r\u00f3\u017cnego kszta\u0142tu i wielko\u015bci. Wymaga gleby \u017cyznej, kompostowej. Zastosowanie: do okrywania altan, ogrodze\u0144, owoce do suchych kompozycji.<\/p>\n","protected":false},"featured_media":18575,"comment_status":"open","ping_status":"open","template":"","meta":{"inline_featured_image":false},"product_cat":[89,93],"product_tag":[],"acf":[],"featured_image":"https:\/\/torseed.eu\/app\/uploads\/2023\/03\/827.jpg","_links":{"self":[{"href":"https:\/\/torseed.eu\/en\/wp-json\/wp\/v2\/product\/29935"}],"collection":[{"href":"https:\/\/torseed.eu\/en\/wp-json\/wp\/v2\/product"}],"about":[{"href":"https:\/\/torseed.eu\/en\/wp-json\/wp\/v2\/types\/product"}],"replies":[{"embeddable":true,"href":"https:\/\/torseed.eu\/en\/wp-json\/wp\/v2\/comments?post=29935"}],"version-history":[{"count":0,"href":"https:\/\/torseed.eu\/en\/wp-json\/wp\/v2\/product\/29935\/revisions"}],"wp:featuredmedia":[{"embeddable":true,"href":"https:\/\/torseed.eu\/en\/wp-json\/wp\/v2\/media\/18575"}],"wp:attachment":[{"href":"https:\/\/torseed.eu\/en\/wp-json\/wp\/v2\/media?parent=29935"}],"wp:term":[{"taxonomy":"product_cat","embeddable":true,"href":"https:\/\/torseed.eu\/en\/wp-json\/wp\/v2\/product_cat?post=29935"},{"taxonomy":"product_tag","embeddable":true,"href":"https:\/\/torseed.eu\/en\/wp-json\/wp\/v2\/product_tag?post=29935"}],"curies":[{"name":"wp","href":"https:\/\/api.w.org\/{rel}","templated":true}]}}