{"id":29937,"date":"2022-06-15T06:28:35","date_gmt":"2022-06-15T06:28:35","guid":{"rendered":"https:\/\/refactor-second-attempt.torseed.dev.greenparrot.pl\/produkt\/driakiew-gwiazdzista-bezowo-zielona\/"},"modified":"2023-03-29T18:10:07","modified_gmt":"2023-03-29T18:10:07","slug":"driakiew-gwiazdzista-bezowo-zielona","status":"publish","type":"product","link":"https:\/\/torseed.eu\/en\/produkt\/driakiew-gwiazdzista-bezowo-zielona\/","title":{"rendered":"Driakiew gwia\u017adzista be\u017cowo-zielona"},"content":{"rendered":"<p>Ro\u015blina jednoroczna o dekoracyjnych owocostanach zasuszanych po przekwitni\u0119ciu. Wymaga gleby \u017cyznej, zasobnej w wapno. Zastosowanie: na kwiat ci\u0119ty, do suchych kompozycji.<\/p>","protected":false},"excerpt":{"rendered":"<p>Ro\u015blina jednoroczna o dekoracyjnych owocostanach zasuszanych po przekwitni\u0119ciu. Wymaga gleby \u017cyznej, zasobnej w wapno. Zastosowanie: na kwiat ci\u0119ty, do suchych kompozycji.<\/p>\n","protected":false},"featured_media":18572,"comment_status":"open","ping_status":"open","template":"","meta":{"inline_featured_image":false},"product_cat":[89,93],"product_tag":[],"acf":[],"featured_image":"https:\/\/torseed.eu\/app\/uploads\/2023\/03\/823.jpg","_links":{"self":[{"href":"https:\/\/torseed.eu\/en\/wp-json\/wp\/v2\/product\/29937"}],"collection":[{"href":"https:\/\/torseed.eu\/en\/wp-json\/wp\/v2\/product"}],"about":[{"href":"https:\/\/torseed.eu\/en\/wp-json\/wp\/v2\/types\/product"}],"replies":[{"embeddable":true,"href":"https:\/\/torseed.eu\/en\/wp-json\/wp\/v2\/comments?post=29937"}],"version-history":[{"count":0,"href":"https:\/\/torseed.eu\/en\/wp-json\/wp\/v2\/product\/29937\/revisions"}],"wp:featuredmedia":[{"embeddable":true,"href":"https:\/\/torseed.eu\/en\/wp-json\/wp\/v2\/media\/18572"}],"wp:attachment":[{"href":"https:\/\/torseed.eu\/en\/wp-json\/wp\/v2\/media?parent=29937"}],"wp:term":[{"taxonomy":"product_cat","embeddable":true,"href":"https:\/\/torseed.eu\/en\/wp-json\/wp\/v2\/product_cat?post=29937"},{"taxonomy":"product_tag","embeddable":true,"href":"https:\/\/torseed.eu\/en\/wp-json\/wp\/v2\/product_tag?post=29937"}],"curies":[{"name":"wp","href":"https:\/\/api.w.org\/{rel}","templated":true}]}}