{"id":29942,"date":"2022-06-15T06:28:26","date_gmt":"2022-06-15T06:28:26","guid":{"rendered":"https:\/\/refactor-second-attempt.torseed.dev.greenparrot.pl\/produkt\/czarnuszka-damascenska-mieszanka\/"},"modified":"2023-03-29T18:10:11","modified_gmt":"2023-03-29T18:10:11","slug":"czarnuszka-damascenska-mieszanka","status":"publish","type":"product","link":"https:\/\/torseed.eu\/en\/produkt\/czarnuszka-damascenska-mieszanka\/","title":{"rendered":"Czarnuszka damasce\u0144ska mieszanka"},"content":{"rendered":"<p>Ro\u015blina jednoroczna o r\u00f3\u017cnobarwnych kwiatach, oraz ozdobnych kulistych owocostananie. Udaje si\u0119 na ka\u017cdej glebie. Zastosowanie: na kwiat ci\u0119ty, oraz do suchych bukiet\u00f3w. Zaleca si\u0119 przerywanie ro\u015blin.<\/p>","protected":false},"excerpt":{"rendered":"<p>Ro\u015blina jednoroczna o r\u00f3\u017cnobarwnych kwiatach, oraz ozdobnych kulistych owocostananie. Udaje si\u0119 na ka\u017cdej glebie. Zastosowanie: na kwiat ci\u0119ty, oraz do suchych bukiet\u00f3w. Zaleca si\u0119 przerywanie ro\u015blin.<\/p>\n","protected":false},"featured_media":18557,"comment_status":"open","ping_status":"open","template":"","meta":{"inline_featured_image":false},"product_cat":[89,93],"product_tag":[],"acf":[],"featured_image":"https:\/\/torseed.eu\/app\/uploads\/2023\/03\/810.jpg","_links":{"self":[{"href":"https:\/\/torseed.eu\/en\/wp-json\/wp\/v2\/product\/29942"}],"collection":[{"href":"https:\/\/torseed.eu\/en\/wp-json\/wp\/v2\/product"}],"about":[{"href":"https:\/\/torseed.eu\/en\/wp-json\/wp\/v2\/types\/product"}],"replies":[{"embeddable":true,"href":"https:\/\/torseed.eu\/en\/wp-json\/wp\/v2\/comments?post=29942"}],"version-history":[{"count":0,"href":"https:\/\/torseed.eu\/en\/wp-json\/wp\/v2\/product\/29942\/revisions"}],"wp:featuredmedia":[{"embeddable":true,"href":"https:\/\/torseed.eu\/en\/wp-json\/wp\/v2\/media\/18557"}],"wp:attachment":[{"href":"https:\/\/torseed.eu\/en\/wp-json\/wp\/v2\/media?parent=29942"}],"wp:term":[{"taxonomy":"product_cat","embeddable":true,"href":"https:\/\/torseed.eu\/en\/wp-json\/wp\/v2\/product_cat?post=29942"},{"taxonomy":"product_tag","embeddable":true,"href":"https:\/\/torseed.eu\/en\/wp-json\/wp\/v2\/product_tag?post=29942"}],"curies":[{"name":"wp","href":"https:\/\/api.w.org\/{rel}","templated":true}]}}