{"id":29947,"date":"2022-06-15T06:28:22","date_gmt":"2022-06-15T06:28:22","guid":{"rendered":"https:\/\/refactor-second-attempt.torseed.dev.greenparrot.pl\/produkt\/cynia-daliowa-pomaranczowa\/"},"modified":"2023-03-29T18:10:27","modified_gmt":"2023-03-29T18:10:27","slug":"cynia-daliowa-pomaranczowa","status":"publish","type":"product","link":"https:\/\/torseed.eu\/en\/produkt\/cynia-daliowa-pomaranczowa\/","title":{"rendered":"Cynia daliowa pomara\u0144czowa"},"content":{"rendered":"<p>Ro\u015blina jednoroczna o kwiatach w szerokiej gamie barw. Wymaga gleby ciep\u0142ej, dostatecznie wilgotnej. Zastosowanie: na kwiat ci\u0119ty, na rabaty.<\/p>","protected":false},"excerpt":{"rendered":"<p>Ro\u015blina jednoroczna o kwiatach w szerokiej gamie barw. Wymaga gleby ciep\u0142ej, dostatecznie wilgotnej. Zastosowanie: na kwiat ci\u0119ty, na rabaty.<\/p>\n","protected":false},"featured_media":28264,"comment_status":"open","ping_status":"closed","template":"","meta":{"inline_featured_image":false},"product_cat":[89,93],"product_tag":[],"acf":[],"featured_image":"https:\/\/torseed.eu\/app\/uploads\/2023\/03\/801.jpg","_links":{"self":[{"href":"https:\/\/torseed.eu\/en\/wp-json\/wp\/v2\/product\/29947"}],"collection":[{"href":"https:\/\/torseed.eu\/en\/wp-json\/wp\/v2\/product"}],"about":[{"href":"https:\/\/torseed.eu\/en\/wp-json\/wp\/v2\/types\/product"}],"replies":[{"embeddable":true,"href":"https:\/\/torseed.eu\/en\/wp-json\/wp\/v2\/comments?post=29947"}],"version-history":[{"count":0,"href":"https:\/\/torseed.eu\/en\/wp-json\/wp\/v2\/product\/29947\/revisions"}],"wp:featuredmedia":[{"embeddable":true,"href":"https:\/\/torseed.eu\/en\/wp-json\/wp\/v2\/media\/28264"}],"wp:attachment":[{"href":"https:\/\/torseed.eu\/en\/wp-json\/wp\/v2\/media?parent=29947"}],"wp:term":[{"taxonomy":"product_cat","embeddable":true,"href":"https:\/\/torseed.eu\/en\/wp-json\/wp\/v2\/product_cat?post=29947"},{"taxonomy":"product_tag","embeddable":true,"href":"https:\/\/torseed.eu\/en\/wp-json\/wp\/v2\/product_tag?post=29947"}],"curies":[{"name":"wp","href":"https:\/\/api.w.org\/{rel}","templated":true}]}}