{"id":29957,"date":"2022-06-15T06:28:08","date_gmt":"2022-06-15T06:28:08","guid":{"rendered":"https:\/\/refactor-second-attempt.torseed.dev.greenparrot.pl\/produkt\/balsamina-niecierpek-mieszanka-karlowa\/"},"modified":"2023-03-29T18:10:36","modified_gmt":"2023-03-29T18:10:36","slug":"balsamina-niecierpek-mieszanka-karlowa","status":"publish","type":"product","link":"https:\/\/torseed.eu\/en\/produkt\/balsamina-niecierpek-mieszanka-karlowa\/","title":{"rendered":"Balsamina (Niecierpek) mieszanka &#8211; kar\u0142owa"},"content":{"rendered":"<p>Ro\u015blina jednoroczna o pe\u0142nych kwiatach w szerokiej gamie barw. Udaje si\u0119 na ka\u017cdej zasobnej w sk\u0142adniki pokarmowe glebie. Zastosowanie: rabaty, obw\u00f3dki, obsadzenie skrzynek balkonowych i doniczek.<\/p>","protected":false},"excerpt":{"rendered":"<p>Ro\u015blina jednoroczna o pe\u0142nych kwiatach w szerokiej gamie barw. Udaje si\u0119 na ka\u017cdej zasobnej w sk\u0142adniki pokarmowe glebie. Zastosowanie: rabaty, obw\u00f3dki, obsadzenie skrzynek balkonowych i doniczek.<\/p>\n","protected":false},"featured_media":18506,"comment_status":"open","ping_status":"open","template":"","meta":{"inline_featured_image":false},"product_cat":[93,89],"product_tag":[],"acf":[],"featured_image":"https:\/\/torseed.eu\/app\/uploads\/2023\/03\/976.jpg","_links":{"self":[{"href":"https:\/\/torseed.eu\/en\/wp-json\/wp\/v2\/product\/29957"}],"collection":[{"href":"https:\/\/torseed.eu\/en\/wp-json\/wp\/v2\/product"}],"about":[{"href":"https:\/\/torseed.eu\/en\/wp-json\/wp\/v2\/types\/product"}],"replies":[{"embeddable":true,"href":"https:\/\/torseed.eu\/en\/wp-json\/wp\/v2\/comments?post=29957"}],"version-history":[{"count":0,"href":"https:\/\/torseed.eu\/en\/wp-json\/wp\/v2\/product\/29957\/revisions"}],"wp:featuredmedia":[{"embeddable":true,"href":"https:\/\/torseed.eu\/en\/wp-json\/wp\/v2\/media\/18506"}],"wp:attachment":[{"href":"https:\/\/torseed.eu\/en\/wp-json\/wp\/v2\/media?parent=29957"}],"wp:term":[{"taxonomy":"product_cat","embeddable":true,"href":"https:\/\/torseed.eu\/en\/wp-json\/wp\/v2\/product_cat?post=29957"},{"taxonomy":"product_tag","embeddable":true,"href":"https:\/\/torseed.eu\/en\/wp-json\/wp\/v2\/product_tag?post=29957"}],"curies":[{"name":"wp","href":"https:\/\/api.w.org\/{rel}","templated":true}]}}