{"id":29958,"date":"2022-06-15T06:28:08","date_gmt":"2022-06-15T06:28:08","guid":{"rendered":"https:\/\/refactor-second-attempt.torseed.dev.greenparrot.pl\/produkt\/balsamina-niecierpek-mieszanka-wysoka\/"},"modified":"2023-03-29T18:10:37","modified_gmt":"2023-03-29T18:10:37","slug":"balsamina-niecierpek-mieszanka-wysoka","status":"publish","type":"product","link":"https:\/\/torseed.eu\/en\/produkt\/balsamina-niecierpek-mieszanka-wysoka\/","title":{"rendered":"Balsamina (Niecierpek) mieszanka &#8211; wysoka"},"content":{"rendered":"<p>Ro\u015blina jednoroczna, wysoko\u015bci 40-70 cm. o kwiatach pe\u0142nych lub p\u00f3\u0142pe\u0142nych. Wymaga gleby \u017cyznej, pr\u00f3chnicznej i dostatecznie wilgotnej. Zastosowanie: uprawa na rabatach, balkonach lub w doniczkach.<\/p>","protected":false},"excerpt":{"rendered":"<p>Ro\u015blina jednoroczna, wysoko\u015bci 40-70 cm. o kwiatach pe\u0142nych lub p\u00f3\u0142pe\u0142nych. Wymaga gleby \u017cyznej, pr\u00f3chnicznej i dostatecznie wilgotnej. Zastosowanie: uprawa na rabatach, balkonach lub w doniczkach.<\/p>\n","protected":false},"featured_media":18509,"comment_status":"open","ping_status":"open","template":"","meta":{"inline_featured_image":false},"product_cat":[89,93],"product_tag":[],"acf":[],"featured_image":"https:\/\/torseed.eu\/app\/uploads\/2023\/03\/977.jpg","_links":{"self":[{"href":"https:\/\/torseed.eu\/en\/wp-json\/wp\/v2\/product\/29958"}],"collection":[{"href":"https:\/\/torseed.eu\/en\/wp-json\/wp\/v2\/product"}],"about":[{"href":"https:\/\/torseed.eu\/en\/wp-json\/wp\/v2\/types\/product"}],"replies":[{"embeddable":true,"href":"https:\/\/torseed.eu\/en\/wp-json\/wp\/v2\/comments?post=29958"}],"version-history":[{"count":0,"href":"https:\/\/torseed.eu\/en\/wp-json\/wp\/v2\/product\/29958\/revisions"}],"wp:featuredmedia":[{"embeddable":true,"href":"https:\/\/torseed.eu\/en\/wp-json\/wp\/v2\/media\/18509"}],"wp:attachment":[{"href":"https:\/\/torseed.eu\/en\/wp-json\/wp\/v2\/media?parent=29958"}],"wp:term":[{"taxonomy":"product_cat","embeddable":true,"href":"https:\/\/torseed.eu\/en\/wp-json\/wp\/v2\/product_cat?post=29958"},{"taxonomy":"product_tag","embeddable":true,"href":"https:\/\/torseed.eu\/en\/wp-json\/wp\/v2\/product_tag?post=29958"}],"curies":[{"name":"wp","href":"https:\/\/api.w.org\/{rel}","templated":true}]}}