{"id":29962,"date":"2022-06-15T06:27:59","date_gmt":"2022-06-15T06:27:59","guid":{"rendered":"https:\/\/refactor-second-attempt.torseed.dev.greenparrot.pl\/produkt\/aster-wysoki-pomponowy-bialo-niebieski\/"},"modified":"2023-03-29T18:10:40","modified_gmt":"2023-03-29T18:10:40","slug":"aster-wysoki-pomponowy-bialo-niebieski","status":"publish","type":"product","link":"https:\/\/torseed.eu\/en\/produkt\/aster-wysoki-pomponowy-bialo-niebieski\/","title":{"rendered":"Aster wysoki pomponowy bia\u0142o-niebieski"},"content":{"rendered":"<p>Typ astra ksi\u0105\u017c\u0119cego o pi\u0119knych dwubarwnych kwiatach. Ro\u015bliny wysoko\u015bci 60-80 cm, przeznaczone na kwiat ci\u0119ty oraz do dekoracji rabat kwiatowych. Wymaga gleby \u017cyznej, pr\u00f3chniczej, umiarkowanie wilgotnej.<\/p>","protected":false},"excerpt":{"rendered":"<p>Typ astra ksi\u0105\u017c\u0119cego o pi\u0119knych dwubarwnych kwiatach. Ro\u015bliny wysoko\u015bci 60-80 cm, przeznaczone na kwiat ci\u0119ty oraz do dekoracji rabat kwiatowych. Wymaga gleby \u017cyznej, pr\u00f3chniczej, umiarkowanie wilgotnej.<\/p>\n","protected":false},"featured_media":18494,"comment_status":"open","ping_status":"open","template":"","meta":{"inline_featured_image":false},"product_cat":[89,93],"product_tag":[],"acf":[],"featured_image":"https:\/\/torseed.eu\/app\/uploads\/2023\/03\/7221.jpg","_links":{"self":[{"href":"https:\/\/torseed.eu\/en\/wp-json\/wp\/v2\/product\/29962"}],"collection":[{"href":"https:\/\/torseed.eu\/en\/wp-json\/wp\/v2\/product"}],"about":[{"href":"https:\/\/torseed.eu\/en\/wp-json\/wp\/v2\/types\/product"}],"replies":[{"embeddable":true,"href":"https:\/\/torseed.eu\/en\/wp-json\/wp\/v2\/comments?post=29962"}],"version-history":[{"count":0,"href":"https:\/\/torseed.eu\/en\/wp-json\/wp\/v2\/product\/29962\/revisions"}],"wp:featuredmedia":[{"embeddable":true,"href":"https:\/\/torseed.eu\/en\/wp-json\/wp\/v2\/media\/18494"}],"wp:attachment":[{"href":"https:\/\/torseed.eu\/en\/wp-json\/wp\/v2\/media?parent=29962"}],"wp:term":[{"taxonomy":"product_cat","embeddable":true,"href":"https:\/\/torseed.eu\/en\/wp-json\/wp\/v2\/product_cat?post=29962"},{"taxonomy":"product_tag","embeddable":true,"href":"https:\/\/torseed.eu\/en\/wp-json\/wp\/v2\/product_tag?post=29962"}],"curies":[{"name":"wp","href":"https:\/\/api.w.org\/{rel}","templated":true}]}}