{"id":29972,"date":"2022-06-15T06:27:46","date_gmt":"2022-06-15T06:27:46","guid":{"rendered":"https:\/\/refactor-second-attempt.torseed.dev.greenparrot.pl\/produkt\/aster-wysoki-ksiazecy-mieszanka\/"},"modified":"2023-03-29T18:11:00","modified_gmt":"2023-03-29T18:11:00","slug":"aster-wysoki-ksiazecy-mieszanka","status":"publish","type":"product","link":"https:\/\/torseed.eu\/en\/produkt\/aster-wysoki-ksiazecy-mieszanka\/","title":{"rendered":"Aster wysoki ksi\u0105\u017c\u0119cy mieszanka"},"content":{"rendered":"<p>Ro\u015blina o r\u00f3\u017cnokolorowych rurkowych, pe\u0142nych kwiatach. Lubi gleb\u0119, \u017cyzn\u0105, \u015brednio wilgotn\u0105. Zastosowanie: na kwiat ci\u0119ty, na rabty.<\/p>","protected":false},"excerpt":{"rendered":"<p>Ro\u015blina o r\u00f3\u017cnokolorowych rurkowych, pe\u0142nych kwiatach. Lubi gleb\u0119, \u017cyzn\u0105, \u015brednio wilgotn\u0105. Zastosowanie: na kwiat ci\u0119ty, na rabty.<\/p>\n","protected":false},"featured_media":18461,"comment_status":"open","ping_status":"open","template":"","meta":{"inline_featured_image":false},"product_cat":[89,93],"product_tag":[],"acf":[],"featured_image":"https:\/\/torseed.eu\/app\/uploads\/2023\/03\/779.jpg","_links":{"self":[{"href":"https:\/\/torseed.eu\/en\/wp-json\/wp\/v2\/product\/29972"}],"collection":[{"href":"https:\/\/torseed.eu\/en\/wp-json\/wp\/v2\/product"}],"about":[{"href":"https:\/\/torseed.eu\/en\/wp-json\/wp\/v2\/types\/product"}],"replies":[{"embeddable":true,"href":"https:\/\/torseed.eu\/en\/wp-json\/wp\/v2\/comments?post=29972"}],"version-history":[{"count":0,"href":"https:\/\/torseed.eu\/en\/wp-json\/wp\/v2\/product\/29972\/revisions"}],"wp:featuredmedia":[{"embeddable":true,"href":"https:\/\/torseed.eu\/en\/wp-json\/wp\/v2\/media\/18461"}],"wp:attachment":[{"href":"https:\/\/torseed.eu\/en\/wp-json\/wp\/v2\/media?parent=29972"}],"wp:term":[{"taxonomy":"product_cat","embeddable":true,"href":"https:\/\/torseed.eu\/en\/wp-json\/wp\/v2\/product_cat?post=29972"},{"taxonomy":"product_tag","embeddable":true,"href":"https:\/\/torseed.eu\/en\/wp-json\/wp\/v2\/product_tag?post=29972"}],"curies":[{"name":"wp","href":"https:\/\/api.w.org\/{rel}","templated":true}]}}