{"id":29979,"date":"2022-06-15T06:27:42","date_gmt":"2022-06-15T06:27:42","guid":{"rendered":"https:\/\/refactor-second-attempt.torseed.dev.greenparrot.pl\/produkt\/aster-wysoki-ksiazecy-bialy\/"},"modified":"2023-03-29T18:11:06","modified_gmt":"2023-03-29T18:11:06","slug":"aster-wysoki-ksiazecy-bialy","status":"publish","type":"product","link":"https:\/\/torseed.eu\/en\/produkt\/aster-wysoki-ksiazecy-bialy\/","title":{"rendered":"Aster wysoki ksi\u0105\u017c\u0119cy bia\u0142y"},"content":{"rendered":"<p>Ro\u015blina o rurkowych, pe\u0142nych kwiatach. Lubi gleb\u0119 \u017cyzn\u0105, \u015brednio wilgotn\u0105. Zastosowanie: na kwiat ci\u0119ty, na rabaty.<\/p>","protected":false},"excerpt":{"rendered":"<p>Ro\u015blina o rurkowych, pe\u0142nych kwiatach. Lubi gleb\u0119 \u017cyzn\u0105, \u015brednio wilgotn\u0105. Zastosowanie: na kwiat ci\u0119ty, na rabaty.<\/p>\n","protected":false},"featured_media":18446,"comment_status":"open","ping_status":"open","template":"","meta":{"inline_featured_image":false},"product_cat":[89,93],"product_tag":[],"acf":[],"featured_image":"https:\/\/torseed.eu\/app\/uploads\/2023\/03\/774.jpg","_links":{"self":[{"href":"https:\/\/torseed.eu\/en\/wp-json\/wp\/v2\/product\/29979"}],"collection":[{"href":"https:\/\/torseed.eu\/en\/wp-json\/wp\/v2\/product"}],"about":[{"href":"https:\/\/torseed.eu\/en\/wp-json\/wp\/v2\/types\/product"}],"replies":[{"embeddable":true,"href":"https:\/\/torseed.eu\/en\/wp-json\/wp\/v2\/comments?post=29979"}],"version-history":[{"count":0,"href":"https:\/\/torseed.eu\/en\/wp-json\/wp\/v2\/product\/29979\/revisions"}],"wp:featuredmedia":[{"embeddable":true,"href":"https:\/\/torseed.eu\/en\/wp-json\/wp\/v2\/media\/18446"}],"wp:attachment":[{"href":"https:\/\/torseed.eu\/en\/wp-json\/wp\/v2\/media?parent=29979"}],"wp:term":[{"taxonomy":"product_cat","embeddable":true,"href":"https:\/\/torseed.eu\/en\/wp-json\/wp\/v2\/product_cat?post=29979"},{"taxonomy":"product_tag","embeddable":true,"href":"https:\/\/torseed.eu\/en\/wp-json\/wp\/v2\/product_tag?post=29979"}],"curies":[{"name":"wp","href":"https:\/\/api.w.org\/{rel}","templated":true}]}}