{"id":29981,"date":"2022-06-15T06:27:35","date_gmt":"2022-06-15T06:27:35","guid":{"rendered":"https:\/\/refactor-second-attempt.torseed.dev.greenparrot.pl\/produkt\/aster-wysoki-igielkowy-wisniowoamarantowy\/"},"modified":"2023-03-29T18:11:07","modified_gmt":"2023-03-29T18:11:07","slug":"aster-wysoki-igielkowy-wisniowoamarantowy","status":"publish","type":"product","link":"https:\/\/torseed.eu\/en\/produkt\/aster-wysoki-igielkowy-wisniowoamarantowy\/","title":{"rendered":"Aster wysoki igie\u0142kowy wi\u015bniowoamarantowy"},"content":{"rendered":"<p>Ro\u015blina jednoroczna o j\u0119zyczkowatych kwiatach, skr\u0119conych w cienkie ig\u0142y. Wymaga gleby \u017cyznej, \u015brednio wilgotnej. Zastosowanie: na kwiat ciety, na rabaty.<\/p>","protected":false},"excerpt":{"rendered":"<p>Ro\u015blina jednoroczna o j\u0119zyczkowatych kwiatach, skr\u0119conych w cienkie ig\u0142y. Wymaga gleby \u017cyznej, \u015brednio wilgotnej. Zastosowanie: na kwiat ciety, na rabaty.<\/p>\n","protected":false},"featured_media":18437,"comment_status":"open","ping_status":"open","template":"","meta":{"inline_featured_image":false},"product_cat":[89,93],"product_tag":[],"acf":[],"featured_image":"https:\/\/torseed.eu\/app\/uploads\/2023\/03\/749.jpg","_links":{"self":[{"href":"https:\/\/torseed.eu\/en\/wp-json\/wp\/v2\/product\/29981"}],"collection":[{"href":"https:\/\/torseed.eu\/en\/wp-json\/wp\/v2\/product"}],"about":[{"href":"https:\/\/torseed.eu\/en\/wp-json\/wp\/v2\/types\/product"}],"replies":[{"embeddable":true,"href":"https:\/\/torseed.eu\/en\/wp-json\/wp\/v2\/comments?post=29981"}],"version-history":[{"count":0,"href":"https:\/\/torseed.eu\/en\/wp-json\/wp\/v2\/product\/29981\/revisions"}],"wp:featuredmedia":[{"embeddable":true,"href":"https:\/\/torseed.eu\/en\/wp-json\/wp\/v2\/media\/18437"}],"wp:attachment":[{"href":"https:\/\/torseed.eu\/en\/wp-json\/wp\/v2\/media?parent=29981"}],"wp:term":[{"taxonomy":"product_cat","embeddable":true,"href":"https:\/\/torseed.eu\/en\/wp-json\/wp\/v2\/product_cat?post=29981"},{"taxonomy":"product_tag","embeddable":true,"href":"https:\/\/torseed.eu\/en\/wp-json\/wp\/v2\/product_tag?post=29981"}],"curies":[{"name":"wp","href":"https:\/\/api.w.org\/{rel}","templated":true}]}}