{"id":29985,"date":"2022-06-15T06:27:32","date_gmt":"2022-06-15T06:27:32","guid":{"rendered":"https:\/\/refactor-second-attempt.torseed.dev.greenparrot.pl\/produkt\/aster-wysoki-igielkowy-niebieski\/"},"modified":"2023-03-29T18:11:23","modified_gmt":"2023-03-29T18:11:23","slug":"aster-wysoki-igielkowy-niebieski","status":"publish","type":"product","link":"https:\/\/torseed.eu\/en\/produkt\/aster-wysoki-igielkowy-niebieski\/","title":{"rendered":"Aster wysoki igie\u0142kowy niebieski"},"content":{"rendered":"<p>Ro\u015blina jednoroczna o j\u0119zyczkowatych kwiatach, skr\u0119conych w cienkie ig\u0142y. Wymaga gleby \u017cyznej, \u015brednio wilgotnej. Zastosowanej na kwiat ci\u0119ty, na rabaty.<\/p>","protected":false},"excerpt":{"rendered":"<p>Ro\u015blina jednoroczna o j\u0119zyczkowatych kwiatach, skr\u0119conych w cienkie ig\u0142y. Wymaga gleby \u017cyznej, \u015brednio wilgotnej. Zastosowanej na kwiat ci\u0119ty, na rabaty.<\/p>\n","protected":false},"featured_media":18425,"comment_status":"open","ping_status":"open","template":"","meta":{"inline_featured_image":false},"product_cat":[93,89],"product_tag":[],"acf":[],"featured_image":"https:\/\/torseed.eu\/app\/uploads\/2023\/03\/4679.jpg","_links":{"self":[{"href":"https:\/\/torseed.eu\/en\/wp-json\/wp\/v2\/product\/29985"}],"collection":[{"href":"https:\/\/torseed.eu\/en\/wp-json\/wp\/v2\/product"}],"about":[{"href":"https:\/\/torseed.eu\/en\/wp-json\/wp\/v2\/types\/product"}],"replies":[{"embeddable":true,"href":"https:\/\/torseed.eu\/en\/wp-json\/wp\/v2\/comments?post=29985"}],"version-history":[{"count":0,"href":"https:\/\/torseed.eu\/en\/wp-json\/wp\/v2\/product\/29985\/revisions"}],"wp:featuredmedia":[{"embeddable":true,"href":"https:\/\/torseed.eu\/en\/wp-json\/wp\/v2\/media\/18425"}],"wp:attachment":[{"href":"https:\/\/torseed.eu\/en\/wp-json\/wp\/v2\/media?parent=29985"}],"wp:term":[{"taxonomy":"product_cat","embeddable":true,"href":"https:\/\/torseed.eu\/en\/wp-json\/wp\/v2\/product_cat?post=29985"},{"taxonomy":"product_tag","embeddable":true,"href":"https:\/\/torseed.eu\/en\/wp-json\/wp\/v2\/product_tag?post=29985"}],"curies":[{"name":"wp","href":"https:\/\/api.w.org\/{rel}","templated":true}]}}