{"id":29986,"date":"2022-06-15T06:27:31","date_gmt":"2022-06-15T06:27:31","guid":{"rendered":"https:\/\/refactor-second-attempt.torseed.dev.greenparrot.pl\/produkt\/aster-wysoki-igielkowy-lososioworozowy\/"},"modified":"2023-03-29T18:11:24","modified_gmt":"2023-03-29T18:11:24","slug":"aster-wysoki-igielkowy-lososioworozowy","status":"publish","type":"product","link":"https:\/\/torseed.eu\/en\/produkt\/aster-wysoki-igielkowy-lososioworozowy\/","title":{"rendered":"Aster wysoki igie\u0142kowy \u0142ososiowor\u00f3\u017cowy"},"content":{"rendered":"<p>Ro\u015blina jednoroczna o j\u0119zyczkowatych kwiatach, skr\u0119conych w cienkie ig\u0142y. Wymaga gleby \u017cyznej, \u015brednio wilgotnej. Zastosowanej na kwiat ci\u0119ty, na rabaty.<\/p>","protected":false},"excerpt":{"rendered":"<p>Ro\u015blina jednoroczna o j\u0119zyczkowatych kwiatach, skr\u0119conych w cienkie ig\u0142y. Wymaga gleby \u017cyznej, \u015brednio wilgotnej. Zastosowanej na kwiat ci\u0119ty, na rabaty.<\/p>\n","protected":false},"featured_media":18422,"comment_status":"open","ping_status":"open","template":"","meta":{"inline_featured_image":false},"product_cat":[89,93],"product_tag":[],"acf":[],"featured_image":"https:\/\/torseed.eu\/app\/uploads\/2023\/03\/744.jpg","_links":{"self":[{"href":"https:\/\/torseed.eu\/en\/wp-json\/wp\/v2\/product\/29986"}],"collection":[{"href":"https:\/\/torseed.eu\/en\/wp-json\/wp\/v2\/product"}],"about":[{"href":"https:\/\/torseed.eu\/en\/wp-json\/wp\/v2\/types\/product"}],"replies":[{"embeddable":true,"href":"https:\/\/torseed.eu\/en\/wp-json\/wp\/v2\/comments?post=29986"}],"version-history":[{"count":0,"href":"https:\/\/torseed.eu\/en\/wp-json\/wp\/v2\/product\/29986\/revisions"}],"wp:featuredmedia":[{"embeddable":true,"href":"https:\/\/torseed.eu\/en\/wp-json\/wp\/v2\/media\/18422"}],"wp:attachment":[{"href":"https:\/\/torseed.eu\/en\/wp-json\/wp\/v2\/media?parent=29986"}],"wp:term":[{"taxonomy":"product_cat","embeddable":true,"href":"https:\/\/torseed.eu\/en\/wp-json\/wp\/v2\/product_cat?post=29986"},{"taxonomy":"product_tag","embeddable":true,"href":"https:\/\/torseed.eu\/en\/wp-json\/wp\/v2\/product_tag?post=29986"}],"curies":[{"name":"wp","href":"https:\/\/api.w.org\/{rel}","templated":true}]}}