{"id":30008,"date":"2022-06-15T06:27:02","date_gmt":"2022-06-15T06:27:02","guid":{"rendered":"https:\/\/refactor-second-attempt.torseed.dev.greenparrot.pl\/produkt\/aster-karlowy-bialy\/"},"modified":"2023-03-29T18:11:57","modified_gmt":"2023-03-29T18:11:57","slug":"aster-karlowy-bialy","status":"publish","type":"product","link":"https:\/\/torseed.eu\/en\/produkt\/aster-karlowy-bialy\/","title":{"rendered":"Aster kar\u0142owy bia\u0142y"},"content":{"rendered":"<p>Ro\u015blina jednoroczna o bia\u0142ych kwiatach. Lubi gleb\u0119 \u017cyzn\u0105, \u015brednio wilgotn\u0105. Zastosowanie: na kwiat ci\u0119ty, na rabaty, obw\u00f3dki.<\/p>","protected":false},"excerpt":{"rendered":"<p>Ro\u015blina jednoroczna o bia\u0142ych kwiatach. Lubi gleb\u0119 \u017cyzn\u0105, \u015brednio wilgotn\u0105. Zastosowanie: na kwiat ci\u0119ty, na rabaty, obw\u00f3dki.<\/p>\n","protected":false},"featured_media":18356,"comment_status":"open","ping_status":"open","template":"","meta":{"inline_featured_image":false},"product_cat":[89,93],"product_tag":[],"acf":[],"featured_image":"https:\/\/torseed.eu\/app\/uploads\/2023\/03\/725.jpg","_links":{"self":[{"href":"https:\/\/torseed.eu\/en\/wp-json\/wp\/v2\/product\/30008"}],"collection":[{"href":"https:\/\/torseed.eu\/en\/wp-json\/wp\/v2\/product"}],"about":[{"href":"https:\/\/torseed.eu\/en\/wp-json\/wp\/v2\/types\/product"}],"replies":[{"embeddable":true,"href":"https:\/\/torseed.eu\/en\/wp-json\/wp\/v2\/comments?post=30008"}],"version-history":[{"count":0,"href":"https:\/\/torseed.eu\/en\/wp-json\/wp\/v2\/product\/30008\/revisions"}],"wp:featuredmedia":[{"embeddable":true,"href":"https:\/\/torseed.eu\/en\/wp-json\/wp\/v2\/media\/18356"}],"wp:attachment":[{"href":"https:\/\/torseed.eu\/en\/wp-json\/wp\/v2\/media?parent=30008"}],"wp:term":[{"taxonomy":"product_cat","embeddable":true,"href":"https:\/\/torseed.eu\/en\/wp-json\/wp\/v2\/product_cat?post=30008"},{"taxonomy":"product_tag","embeddable":true,"href":"https:\/\/torseed.eu\/en\/wp-json\/wp\/v2\/product_tag?post=30008"}],"curies":[{"name":"wp","href":"https:\/\/api.w.org\/{rel}","templated":true}]}}