{"id":30015,"date":"2022-06-15T06:26:51","date_gmt":"2022-06-15T06:26:51","guid":{"rendered":"https:\/\/refactor-second-attempt.torseed.dev.greenparrot.pl\/produkt\/aksamitka-pojed-niska-disco-miodowokarminowa\/"},"modified":"2023-03-29T18:12:03","modified_gmt":"2023-03-29T18:12:03","slug":"aksamitka-pojed-niska-disco-miodowokarminowa","status":"publish","type":"product","link":"https:\/\/torseed.eu\/en\/produkt\/aksamitka-pojed-niska-disco-miodowokarminowa\/","title":{"rendered":"Aksamitka pojed.niska Disco miodowokarminowa"},"content":{"rendered":"<p>Ro\u015blina jednoroczna o kwiatach pojedynczych. Udaje si\u0119 na ka\u017cdej glebie ogrodowej. Zastosowanie: na rabaty, obw\u00f3dki i w pojemniki.<\/p>","protected":false},"excerpt":{"rendered":"<p>Ro\u015blina jednoroczna o kwiatach pojedynczych. Udaje si\u0119 na ka\u017cdej glebie ogrodowej. Zastosowanie: na rabaty, obw\u00f3dki i w pojemniki.<\/p>\n","protected":false},"featured_media":18335,"comment_status":"open","ping_status":"open","template":"","meta":{"inline_featured_image":false},"product_cat":[93,89],"product_tag":[],"acf":[],"featured_image":"https:\/\/torseed.eu\/app\/uploads\/2023\/03\/717.jpg","_links":{"self":[{"href":"https:\/\/torseed.eu\/en\/wp-json\/wp\/v2\/product\/30015"}],"collection":[{"href":"https:\/\/torseed.eu\/en\/wp-json\/wp\/v2\/product"}],"about":[{"href":"https:\/\/torseed.eu\/en\/wp-json\/wp\/v2\/types\/product"}],"replies":[{"embeddable":true,"href":"https:\/\/torseed.eu\/en\/wp-json\/wp\/v2\/comments?post=30015"}],"version-history":[{"count":0,"href":"https:\/\/torseed.eu\/en\/wp-json\/wp\/v2\/product\/30015\/revisions"}],"wp:featuredmedia":[{"embeddable":true,"href":"https:\/\/torseed.eu\/en\/wp-json\/wp\/v2\/media\/18335"}],"wp:attachment":[{"href":"https:\/\/torseed.eu\/en\/wp-json\/wp\/v2\/media?parent=30015"}],"wp:term":[{"taxonomy":"product_cat","embeddable":true,"href":"https:\/\/torseed.eu\/en\/wp-json\/wp\/v2\/product_cat?post=30015"},{"taxonomy":"product_tag","embeddable":true,"href":"https:\/\/torseed.eu\/en\/wp-json\/wp\/v2\/product_tag?post=30015"}],"curies":[{"name":"wp","href":"https:\/\/api.w.org\/{rel}","templated":true}]}}