{"id":30021,"date":"2022-06-15T06:26:42","date_gmt":"2022-06-15T06:26:42","guid":{"rendered":"https:\/\/refactor-second-attempt.torseed.dev.greenparrot.pl\/produkt\/aksamitka-rozpierzchla-niska-dwubarwna\/"},"modified":"2023-03-29T18:12:08","modified_gmt":"2023-03-29T18:12:08","slug":"aksamitka-rozpierzchla-niska-dwubarwna","status":"publish","type":"product","link":"https:\/\/torseed.eu\/en\/produkt\/aksamitka-rozpierzchla-niska-dwubarwna\/","title":{"rendered":"Aksamitka rozpierzch\u0142a niska dwubarwna"},"content":{"rendered":"<p>Ro\u015blina jednoroczna o kwiatach pe\u0142nych lub p\u00f3\u0142pe\u0142nych. Udaje si\u0119 na ka\u017cdej glebie ogrodowej. Zastosowanie: na rabaty, obw\u00f3dki i balkony.<\/p>","protected":false},"excerpt":{"rendered":"<p>Ro\u015blina jednoroczna o kwiatach pe\u0142nych lub p\u00f3\u0142pe\u0142nych. Udaje si\u0119 na ka\u017cdej glebie ogrodowej. Zastosowanie: na rabaty, obw\u00f3dki i balkony.<\/p>\n","protected":false},"featured_media":18320,"comment_status":"open","ping_status":"open","template":"","meta":{"inline_featured_image":false},"product_cat":[89,93],"product_tag":[],"acf":[],"featured_image":"https:\/\/torseed.eu\/app\/uploads\/2023\/03\/8196.jpg","_links":{"self":[{"href":"https:\/\/torseed.eu\/en\/wp-json\/wp\/v2\/product\/30021"}],"collection":[{"href":"https:\/\/torseed.eu\/en\/wp-json\/wp\/v2\/product"}],"about":[{"href":"https:\/\/torseed.eu\/en\/wp-json\/wp\/v2\/types\/product"}],"replies":[{"embeddable":true,"href":"https:\/\/torseed.eu\/en\/wp-json\/wp\/v2\/comments?post=30021"}],"version-history":[{"count":0,"href":"https:\/\/torseed.eu\/en\/wp-json\/wp\/v2\/product\/30021\/revisions"}],"wp:featuredmedia":[{"embeddable":true,"href":"https:\/\/torseed.eu\/en\/wp-json\/wp\/v2\/media\/18320"}],"wp:attachment":[{"href":"https:\/\/torseed.eu\/en\/wp-json\/wp\/v2\/media?parent=30021"}],"wp:term":[{"taxonomy":"product_cat","embeddable":true,"href":"https:\/\/torseed.eu\/en\/wp-json\/wp\/v2\/product_cat?post=30021"},{"taxonomy":"product_tag","embeddable":true,"href":"https:\/\/torseed.eu\/en\/wp-json\/wp\/v2\/product_tag?post=30021"}],"curies":[{"name":"wp","href":"https:\/\/api.w.org\/{rel}","templated":true}]}}