{"id":30023,"date":"2022-06-15T06:26:40","date_gmt":"2022-06-15T06:26:40","guid":{"rendered":"https:\/\/refactor-second-attempt.torseed.dev.greenparrot.pl\/produkt\/aksamitka-wielkokwiatowa-wysoka-wzniosla-mieszanka\/"},"modified":"2023-03-29T18:12:10","modified_gmt":"2023-03-29T18:12:10","slug":"aksamitka-wielkokwiatowa-wysoka-wzniosla-mieszanka","status":"publish","type":"product","link":"https:\/\/torseed.eu\/en\/produkt\/aksamitka-wielkokwiatowa-wysoka-wzniosla-mieszanka\/","title":{"rendered":"Aksamitka wielkokwiatowa wysoka (wznios\u0142a) mieszanka"},"content":{"rendered":"<p>Ro\u015blina jednoroczna o du\u017cych kwiatach w odcieniach \u017c\u00f3\u0142tych i pomara\u0144czowych. Udaje si\u0119 na ka\u017cdej glebie ogrodowej. Zastosowanie: na kwiat ci\u0119ty, na rabaty.<\/p>","protected":false},"excerpt":{"rendered":"<p>Ro\u015blina jednoroczna o du\u017cych kwiatach w odcieniach \u017c\u00f3\u0142tych i pomara\u0144czowych. Udaje si\u0119 na ka\u017cdej glebie ogrodowej. Zastosowanie: na kwiat ci\u0119ty, na rabaty.<\/p>\n","protected":false},"featured_media":18311,"comment_status":"open","ping_status":"open","template":"","meta":{"inline_featured_image":false},"product_cat":[89,93],"product_tag":[],"acf":[],"featured_image":"https:\/\/torseed.eu\/app\/uploads\/2023\/03\/705.jpg","_links":{"self":[{"href":"https:\/\/torseed.eu\/en\/wp-json\/wp\/v2\/product\/30023"}],"collection":[{"href":"https:\/\/torseed.eu\/en\/wp-json\/wp\/v2\/product"}],"about":[{"href":"https:\/\/torseed.eu\/en\/wp-json\/wp\/v2\/types\/product"}],"replies":[{"embeddable":true,"href":"https:\/\/torseed.eu\/en\/wp-json\/wp\/v2\/comments?post=30023"}],"version-history":[{"count":0,"href":"https:\/\/torseed.eu\/en\/wp-json\/wp\/v2\/product\/30023\/revisions"}],"wp:featuredmedia":[{"embeddable":true,"href":"https:\/\/torseed.eu\/en\/wp-json\/wp\/v2\/media\/18311"}],"wp:attachment":[{"href":"https:\/\/torseed.eu\/en\/wp-json\/wp\/v2\/media?parent=30023"}],"wp:term":[{"taxonomy":"product_cat","embeddable":true,"href":"https:\/\/torseed.eu\/en\/wp-json\/wp\/v2\/product_cat?post=30023"},{"taxonomy":"product_tag","embeddable":true,"href":"https:\/\/torseed.eu\/en\/wp-json\/wp\/v2\/product_tag?post=30023"}],"curies":[{"name":"wp","href":"https:\/\/api.w.org\/{rel}","templated":true}]}}