{"id":30024,"date":"2022-06-15T06:26:39","date_gmt":"2022-06-15T06:26:39","guid":{"rendered":"https:\/\/refactor-second-attempt.torseed.dev.greenparrot.pl\/produkt\/aksamitka-wielkokwiatowa-wysoka-wzniosla-cytrynowozolta\/"},"modified":"2023-03-29T18:12:11","modified_gmt":"2023-03-29T18:12:11","slug":"aksamitka-wielkokwiatowa-wysoka-wzniosla-cytrynowozolta","status":"publish","type":"product","link":"https:\/\/torseed.eu\/en\/produkt\/aksamitka-wielkokwiatowa-wysoka-wzniosla-cytrynowozolta\/","title":{"rendered":"Aksamitka wielkokwiatowa wysoka (wznios\u0142a) cytrynowo\u017c\u00f3\u0142ta"},"content":{"rendered":"<p>Ro\u015blina jednoroczna o du\u017cych kwiatach w odcieniach \u017c\u00f3\u0142tych i pomara\u0144czowych. Udaje si\u0119 na ka\u017cdej glebie ogrodowej. Zastosowanie: na kwiat ci\u0119ty, na rabaty.<\/p>","protected":false},"excerpt":{"rendered":"<p>Ro\u015blina jednoroczna o du\u017cych kwiatach w odcieniach \u017c\u00f3\u0142tych i pomara\u0144czowych. Udaje si\u0119 na ka\u017cdej glebie ogrodowej. Zastosowanie: na kwiat ci\u0119ty, na rabaty.<\/p>\n","protected":false},"featured_media":18305,"comment_status":"open","ping_status":"open","template":"","meta":{"inline_featured_image":false},"product_cat":[89,93],"product_tag":[],"acf":[],"featured_image":"https:\/\/torseed.eu\/app\/uploads\/2023\/03\/9081.jpg","_links":{"self":[{"href":"https:\/\/torseed.eu\/en\/wp-json\/wp\/v2\/product\/30024"}],"collection":[{"href":"https:\/\/torseed.eu\/en\/wp-json\/wp\/v2\/product"}],"about":[{"href":"https:\/\/torseed.eu\/en\/wp-json\/wp\/v2\/types\/product"}],"replies":[{"embeddable":true,"href":"https:\/\/torseed.eu\/en\/wp-json\/wp\/v2\/comments?post=30024"}],"version-history":[{"count":0,"href":"https:\/\/torseed.eu\/en\/wp-json\/wp\/v2\/product\/30024\/revisions"}],"wp:featuredmedia":[{"embeddable":true,"href":"https:\/\/torseed.eu\/en\/wp-json\/wp\/v2\/media\/18305"}],"wp:attachment":[{"href":"https:\/\/torseed.eu\/en\/wp-json\/wp\/v2\/media?parent=30024"}],"wp:term":[{"taxonomy":"product_cat","embeddable":true,"href":"https:\/\/torseed.eu\/en\/wp-json\/wp\/v2\/product_cat?post=30024"},{"taxonomy":"product_tag","embeddable":true,"href":"https:\/\/torseed.eu\/en\/wp-json\/wp\/v2\/product_tag?post=30024"}],"curies":[{"name":"wp","href":"https:\/\/api.w.org\/{rel}","templated":true}]}}