{"id":30026,"date":"2022-06-15T06:26:38","date_gmt":"2022-06-15T06:26:38","guid":{"rendered":"https:\/\/refactor-second-attempt.torseed.dev.greenparrot.pl\/produkt\/szczypiorek-czosnkowy-allium-tuberosum-graspapier\/"},"modified":"2023-03-29T18:12:25","modified_gmt":"2023-03-29T18:12:25","slug":"szczypiorek-czosnkowy-allium-tuberosum-graspapier","status":"publish","type":"product","link":"https:\/\/torseed.eu\/en\/produkt\/szczypiorek-czosnkowy-allium-tuberosum-graspapier\/","title":{"rendered":"Szczypiorek czosnkowy Allium tuberosum GRASPAPIER"},"content":{"rendered":"<p>Jest ro\u015blin\u0105 wieloletni\u0105, odporn\u0105 na mrozy, kt\u00f3ra tworzy k\u0119py o wysoko\u015bci 30-40cm. Kwitnie od lipca do ko\u0144ca wrze\u015bnia. Jego bia\u0142e pachn\u0105ce kwiaty z pewno\u015bci\u0105 s\u0105 wyj\u0105tkow\u0105 atrakcj\u0105 ka\u017cdego ogrodu i balkonu. Mo\u017cna nawet wykorzysta\u0107 go jako kwiat ci\u0119ty. M\u0142ode p\u0119dy z kwiatostanami r\u00f3wnie\u017c s\u0105 spo\u017cywane na surowo. Natomiast li\u015bcie o tr\u00f3jk\u0105tnym przekroju \u0142\u0105cz\u0105 w sobie cechy czosnku i szczypiorku. S\u0105 \u017ar\u00f3d\u0142em mikro i makroelement\u00f3w. Zawieraj\u0105 du\u017ce ilo\u015bci \u017celaza i witaminy C. Nawet wi\u0119cej od tradycyjnego szczypiorku. W kuchni u\u017cywany jest g\u0142\u00f3wnie do sa\u0142atek, sur\u00f3wek, twarog\u00f3w, zup i jaj.  Czosnkowy aromat po\u0142\u0105czony ze szczypiorem jest ch\u0119tnie wykorzystywany r\u00f3wnie\u017c w bardziej wykwintnych daniach.<\/p>","protected":false},"excerpt":{"rendered":"<p>Jest ro\u015blin\u0105 wieloletni\u0105, odporn\u0105 na mrozy, kt\u00f3ra tworzy k\u0119py o wysoko\u015bci 30-40cm. Kwitnie od lipca do ko\u0144ca wrze\u015bnia. Jego bia\u0142e pachn\u0105ce kwiaty z pewno\u015bci\u0105 s\u0105 wyj\u0105tkow\u0105 atrakcj\u0105 ka\u017cdego ogrodu i balkonu. Mo\u017cna nawet wykorzysta\u0107 go jako kwiat ci\u0119ty. M\u0142ode p\u0119dy z kwiatostanami r\u00f3wnie\u017c s\u0105 spo\u017cywane na surowo. Natomiast li\u015bcie o tr\u00f3jk\u0105tnym przekroju \u0142\u0105cz\u0105 w sobie [&hellip;]<\/p>\n","protected":false},"featured_media":18302,"comment_status":"open","ping_status":"open","template":"","meta":{"inline_featured_image":false},"product_cat":[119],"product_tag":[],"acf":[],"featured_image":"https:\/\/torseed.eu\/app\/uploads\/2023\/03\/9195.jpg","_links":{"self":[{"href":"https:\/\/torseed.eu\/en\/wp-json\/wp\/v2\/product\/30026"}],"collection":[{"href":"https:\/\/torseed.eu\/en\/wp-json\/wp\/v2\/product"}],"about":[{"href":"https:\/\/torseed.eu\/en\/wp-json\/wp\/v2\/types\/product"}],"replies":[{"embeddable":true,"href":"https:\/\/torseed.eu\/en\/wp-json\/wp\/v2\/comments?post=30026"}],"version-history":[{"count":0,"href":"https:\/\/torseed.eu\/en\/wp-json\/wp\/v2\/product\/30026\/revisions"}],"wp:featuredmedia":[{"embeddable":true,"href":"https:\/\/torseed.eu\/en\/wp-json\/wp\/v2\/media\/18302"}],"wp:attachment":[{"href":"https:\/\/torseed.eu\/en\/wp-json\/wp\/v2\/media?parent=30026"}],"wp:term":[{"taxonomy":"product_cat","embeddable":true,"href":"https:\/\/torseed.eu\/en\/wp-json\/wp\/v2\/product_cat?post=30026"},{"taxonomy":"product_tag","embeddable":true,"href":"https:\/\/torseed.eu\/en\/wp-json\/wp\/v2\/product_tag?post=30026"}],"curies":[{"name":"wp","href":"https:\/\/api.w.org\/{rel}","templated":true}]}}