{"id":30027,"date":"2022-06-15T06:26:36","date_gmt":"2022-06-15T06:26:36","guid":{"rendered":"https:\/\/refactor-second-attempt.torseed.dev.greenparrot.pl\/produkt\/slonecznik-kwiatowy-pojedynczy-niski-zolty-graspapier\/"},"modified":"2023-03-29T18:12:26","modified_gmt":"2023-03-29T18:12:26","slug":"slonecznik-kwiatowy-pojedynczy-niski-zolty-graspapier","status":"publish","type":"product","link":"https:\/\/torseed.eu\/en\/produkt\/slonecznik-kwiatowy-pojedynczy-niski-zolty-graspapier\/","title":{"rendered":"S\u0142onecznik kwiatowy pojedynczy niski \u017c\u00f3\u0142ty GRASPAPIER"},"content":{"rendered":"<p>Ro\u015blina jednoroczna o pojedynczych kwiatach. Osi\u0105ga wysoko\u015b\u0107 do 60cm i niew\u0105tpliwie jest ozdob\u0105 ka\u017cdego ogrodu. W kuchni zastosowanie znajduj\u0105 g\u0142\u00f3wnie odmiany jadalne, jednak ma\u0142o kto zna w\u0142a\u015bciwo\u015bci kwiat\u00f3w s\u0142onecznika. Zawieraj\u0105 one olejek eteryczny, cholin\u0119 i betain\u0119 oraz barwniki. S\u0105 wykorzystywane g\u0142\u00f3wnie w przemy\u015ble farmaceutycznym do produkcji lek\u00f3w przeciwgor\u0105czkowych i przeciwmalarycznych. Podobne w\u0142a\u015bciwo\u015bci b\u0119dzie mia\u0142a nalewka sporz\u0105dzona na bazie kwiat\u00f3w s\u0142onecznika. Pomaga te\u017c przy dolegliwo\u015bciach \u017co\u0142\u0105dkowych. Odwary stosowane zewn\u0119trznie u\u0142atwiaj\u0105 wch\u0142anianie wylew\u00f3w i wybroczyn oraz miejscowych obrz\u0119k\u00f3w. Pomagaj\u0105 r\u00f3wnie\u017c przy tr\u0105dziku.<\/p>","protected":false},"excerpt":{"rendered":"<p>Ro\u015blina jednoroczna o pojedynczych kwiatach. Osi\u0105ga wysoko\u015b\u0107 do 60cm i niew\u0105tpliwie jest ozdob\u0105 ka\u017cdego ogrodu. W kuchni zastosowanie znajduj\u0105 g\u0142\u00f3wnie odmiany jadalne, jednak ma\u0142o kto zna w\u0142a\u015bciwo\u015bci kwiat\u00f3w s\u0142onecznika. Zawieraj\u0105 one olejek eteryczny, cholin\u0119 i betain\u0119 oraz barwniki. S\u0105 wykorzystywane g\u0142\u00f3wnie w przemy\u015ble farmaceutycznym do produkcji lek\u00f3w przeciwgor\u0105czkowych i przeciwmalarycznych. Podobne w\u0142a\u015bciwo\u015bci b\u0119dzie mia\u0142a nalewka [&hellip;]<\/p>\n","protected":false},"featured_media":18296,"comment_status":"open","ping_status":"open","template":"","meta":{"inline_featured_image":false},"product_cat":[119],"product_tag":[],"acf":[],"featured_image":"https:\/\/torseed.eu\/app\/uploads\/2023\/03\/9193.jpg","_links":{"self":[{"href":"https:\/\/torseed.eu\/en\/wp-json\/wp\/v2\/product\/30027"}],"collection":[{"href":"https:\/\/torseed.eu\/en\/wp-json\/wp\/v2\/product"}],"about":[{"href":"https:\/\/torseed.eu\/en\/wp-json\/wp\/v2\/types\/product"}],"replies":[{"embeddable":true,"href":"https:\/\/torseed.eu\/en\/wp-json\/wp\/v2\/comments?post=30027"}],"version-history":[{"count":0,"href":"https:\/\/torseed.eu\/en\/wp-json\/wp\/v2\/product\/30027\/revisions"}],"wp:featuredmedia":[{"embeddable":true,"href":"https:\/\/torseed.eu\/en\/wp-json\/wp\/v2\/media\/18296"}],"wp:attachment":[{"href":"https:\/\/torseed.eu\/en\/wp-json\/wp\/v2\/media?parent=30027"}],"wp:term":[{"taxonomy":"product_cat","embeddable":true,"href":"https:\/\/torseed.eu\/en\/wp-json\/wp\/v2\/product_cat?post=30027"},{"taxonomy":"product_tag","embeddable":true,"href":"https:\/\/torseed.eu\/en\/wp-json\/wp\/v2\/product_tag?post=30027"}],"curies":[{"name":"wp","href":"https:\/\/api.w.org\/{rel}","templated":true}]}}