{"id":30028,"date":"2022-06-15T06:26:36","date_gmt":"2022-06-15T06:26:36","guid":{"rendered":"https:\/\/refactor-second-attempt.torseed.dev.greenparrot.pl\/produkt\/szalwia-lekarska-graspapier\/"},"modified":"2023-03-29T18:12:27","modified_gmt":"2023-03-29T18:12:27","slug":"szalwia-lekarska-graspapier","status":"publish","type":"product","link":"https:\/\/torseed.eu\/en\/produkt\/szalwia-lekarska-graspapier\/","title":{"rendered":"Sza\u0142wia lekarska GRASPAPIER"},"content":{"rendered":"<p>Ro\u015blina wieloletnia o du\u017cych okr\u0105g\u0142ych li\u015bciach. Stanowi doskona\u0142e uzupe\u0142nienie ka\u017cdego ogrodu i balkonu. R\u00f3wnie\u017c ze wzgl\u0119du na sw\u00f3j mocno przyprawowy aromat. W ogrodzie dobrze czuje si\u0119 w\u015br\u00f3d innych odmian sza\u0142wii. W kuchni sprawdza si\u0119 jako przyprawa do drobiu, t\u0142ustych mi\u0119s, farsz\u00f3w, sos\u00f3w, zup czy gulaszu. Dodawana jest te\u017c do omlet\u00f3w, sera \u017c\u00f3\u0142tego, tofu i twaro\u017cku. Napar sporz\u0105dzony z li\u015bci przynosi ulg\u0119 przy b\u00f3lu gard\u0142a, utracie g\u0142osu i zapaleniu migda\u0142k\u00f3w. Sza\u0142wia ma dzia\u0142anie przeciwzapalne i antyseptyczne. Inhalacja pomaga przy oczyszczeniu dr\u00f3g oddechowych. Jest naturalnym \u015brodkiem leczniczym na wszelkiego rodzaju sw\u0119dzenia spowodowane przez uk\u0105szenia owad\u00f3w. Ze wzgl\u0119du na swoje w\u0142a\u015bciwo\u015bci jest cz\u0119stym sk\u0142adnikiem past i naturalnych p\u0142ukanek do z\u0119b\u00f3w.<\/p>","protected":false},"excerpt":{"rendered":"<p>Ro\u015blina wieloletnia o du\u017cych okr\u0105g\u0142ych li\u015bciach. Stanowi doskona\u0142e uzupe\u0142nienie ka\u017cdego ogrodu i balkonu. R\u00f3wnie\u017c ze wzgl\u0119du na sw\u00f3j mocno przyprawowy aromat. W ogrodzie dobrze czuje si\u0119 w\u015br\u00f3d innych odmian sza\u0142wii. W kuchni sprawdza si\u0119 jako przyprawa do drobiu, t\u0142ustych mi\u0119s, farsz\u00f3w, sos\u00f3w, zup czy gulaszu. Dodawana jest te\u017c do omlet\u00f3w, sera \u017c\u00f3\u0142tego, tofu i twaro\u017cku. [&hellip;]<\/p>\n","protected":false},"featured_media":18299,"comment_status":"open","ping_status":"open","template":"","meta":{"inline_featured_image":false},"product_cat":[119],"product_tag":[],"acf":[],"featured_image":"https:\/\/torseed.eu\/app\/uploads\/2023\/03\/9194.jpg","_links":{"self":[{"href":"https:\/\/torseed.eu\/en\/wp-json\/wp\/v2\/product\/30028"}],"collection":[{"href":"https:\/\/torseed.eu\/en\/wp-json\/wp\/v2\/product"}],"about":[{"href":"https:\/\/torseed.eu\/en\/wp-json\/wp\/v2\/types\/product"}],"replies":[{"embeddable":true,"href":"https:\/\/torseed.eu\/en\/wp-json\/wp\/v2\/comments?post=30028"}],"version-history":[{"count":0,"href":"https:\/\/torseed.eu\/en\/wp-json\/wp\/v2\/product\/30028\/revisions"}],"wp:featuredmedia":[{"embeddable":true,"href":"https:\/\/torseed.eu\/en\/wp-json\/wp\/v2\/media\/18299"}],"wp:attachment":[{"href":"https:\/\/torseed.eu\/en\/wp-json\/wp\/v2\/media?parent=30028"}],"wp:term":[{"taxonomy":"product_cat","embeddable":true,"href":"https:\/\/torseed.eu\/en\/wp-json\/wp\/v2\/product_cat?post=30028"},{"taxonomy":"product_tag","embeddable":true,"href":"https:\/\/torseed.eu\/en\/wp-json\/wp\/v2\/product_tag?post=30028"}],"curies":[{"name":"wp","href":"https:\/\/api.w.org\/{rel}","templated":true}]}}