{"id":30029,"date":"2022-06-15T06:26:35","date_gmt":"2022-06-15T06:26:35","guid":{"rendered":"https:\/\/refactor-second-attempt.torseed.dev.greenparrot.pl\/produkt\/skorzonera-graspapier\/"},"modified":"2023-03-29T18:12:28","modified_gmt":"2023-03-29T18:12:28","slug":"skorzonera-graspapier","status":"publish","type":"product","link":"https:\/\/torseed.eu\/en\/produkt\/skorzonera-graspapier\/","title":{"rendered":"Skorzonera  GRASPAPIER"},"content":{"rendered":"<p>Zwana jest zimowymi lub czarnymi szparagami. Mo\u017cna spotka\u0107 si\u0119 r\u00f3wnie\u017c z nazw\u0105 w\u0119\u017cymord, poniewa\u017c dawniej wierzono, \u017ce potrafi zwalczy\u0107 jad w\u0119\u017ca. Cz\u0119\u015bci\u0105 jadaln\u0105 jest spichrzowy korze\u0144 o bia\u0142ym mi\u0105\u017cszu. Jej niespotykany wygl\u0105d z pewno\u015bci\u0105 zaskoczy ka\u017cdego kto zobaczy skorzoner\u0119 w ogrodzie lub na talerzu. Jej d\u0142ugie, dochodz\u0105ce do 30cm korzenie przyci\u0105gn\u0105 wzrok i zaciekawi\u0105 niejedn\u0105 osob\u0119. Podczas obierania mo\u017ce wydziela\u0107 si\u0119 klej\u0105cy sok, st\u0105d warto w\u0142o\u017cy\u0107 r\u0119kawiczki. Natomiast aby nie straci\u0107 walor\u00f3w estetycznych warto obrane korzenie wrzuci\u0107 do wody z sokiem z cytryny. W smaku przypomina szparagi, jednak jest od nich ostrzejsza. Skorzonera jest \u017ar\u00f3d\u0142em witamin z grupy E, B czy C oraz zawiera sk\u0142adniki mineralne, potrzebne do prawid\u0142owego funkcjonowania organizmu. Jednak jej najwa\u017cniejszym sk\u0142adnikiem jest inulina, kt\u00f3ra obni\u017ca poziom cukru we krwi i z\u0142ego cholesterolu oraz poprawia trawienie i oczyszcza organizm z toksyn. A dzi\u0119ki du\u017cej zawarto\u015bci potasu pomaga regulowa\u0107 ci\u015bnienie t\u0119tnicze.<\/p>","protected":false},"excerpt":{"rendered":"<p>Zwana jest zimowymi lub czarnymi szparagami. Mo\u017cna spotka\u0107 si\u0119 r\u00f3wnie\u017c z nazw\u0105 w\u0119\u017cymord, poniewa\u017c dawniej wierzono, \u017ce potrafi zwalczy\u0107 jad w\u0119\u017ca. Cz\u0119\u015bci\u0105 jadaln\u0105 jest spichrzowy korze\u0144 o bia\u0142ym mi\u0105\u017cszu. Jej niespotykany wygl\u0105d z pewno\u015bci\u0105 zaskoczy ka\u017cdego kto zobaczy skorzoner\u0119 w ogrodzie lub na talerzu. Jej d\u0142ugie, dochodz\u0105ce do 30cm korzenie przyci\u0105gn\u0105 wzrok i zaciekawi\u0105 niejedn\u0105 [&hellip;]<\/p>\n","protected":false},"featured_media":18293,"comment_status":"open","ping_status":"open","template":"","meta":{"inline_featured_image":false},"product_cat":[119],"product_tag":[],"acf":[],"featured_image":"https:\/\/torseed.eu\/app\/uploads\/2023\/03\/9192.jpg","_links":{"self":[{"href":"https:\/\/torseed.eu\/en\/wp-json\/wp\/v2\/product\/30029"}],"collection":[{"href":"https:\/\/torseed.eu\/en\/wp-json\/wp\/v2\/product"}],"about":[{"href":"https:\/\/torseed.eu\/en\/wp-json\/wp\/v2\/types\/product"}],"replies":[{"embeddable":true,"href":"https:\/\/torseed.eu\/en\/wp-json\/wp\/v2\/comments?post=30029"}],"version-history":[{"count":0,"href":"https:\/\/torseed.eu\/en\/wp-json\/wp\/v2\/product\/30029\/revisions"}],"wp:featuredmedia":[{"embeddable":true,"href":"https:\/\/torseed.eu\/en\/wp-json\/wp\/v2\/media\/18293"}],"wp:attachment":[{"href":"https:\/\/torseed.eu\/en\/wp-json\/wp\/v2\/media?parent=30029"}],"wp:term":[{"taxonomy":"product_cat","embeddable":true,"href":"https:\/\/torseed.eu\/en\/wp-json\/wp\/v2\/product_cat?post=30029"},{"taxonomy":"product_tag","embeddable":true,"href":"https:\/\/torseed.eu\/en\/wp-json\/wp\/v2\/product_tag?post=30029"}],"curies":[{"name":"wp","href":"https:\/\/api.w.org\/{rel}","templated":true}]}}