{"id":30030,"date":"2022-06-15T06:26:29","date_gmt":"2022-06-15T06:26:29","guid":{"rendered":"https:\/\/refactor-second-attempt.torseed.dev.greenparrot.pl\/produkt\/rzepa-golden-ball-graspapier\/"},"modified":"2023-03-29T18:12:29","modified_gmt":"2023-03-29T18:12:29","slug":"rzepa-golden-ball-graspapier","status":"publish","type":"product","link":"https:\/\/torseed.eu\/en\/produkt\/rzepa-golden-ball-graspapier\/","title":{"rendered":"Rzepa Golden Ball GRASPAPIER"},"content":{"rendered":"<p>Odmiana \u015brednio p\u00f3\u017ana o \u017c\u00f3\u0142tej sk\u00f3rce i mi\u0105\u017cszu. Uprawiana jest wczesn\u0105 wiosn\u0105  jako przedplon i na zbi\u00f3r jesienny jako poplon. Dobrze si\u0119 komponuje w mieszankach warzywnych. Mo\u017cna j\u0105 je\u015b\u0107 na surowo, zapieka\u0107 lub gotowa\u0107. U\u017cywana g\u0142\u00f3wnie do sur\u00f3wek i sa\u0142atek, ale mo\u017cna j\u0105 r\u00f3wnie\u017c faszerowa\u0107 lub zrobi\u0107 z niej sok. Jest ona idealna przy przezi\u0119bieniach i zapaleniach gard\u0142a. Li\u015bcie rzepy s\u0105 r\u00f3wnie\u017c jadalne. Mo\u017cna je przyrz\u0105dzi\u0107 podobnie jak szpinak. Rzepa zawiera wap\u0144, fosfor, \u017celazo, potas, magnez i jod. Ale tak\u017ce witamin\u0119 C, PP, beta-karoten i witaminy z grupy B. Wspomaga uk\u0142ad trawienny, odporno\u015bciowy, kr\u0105\u017cenia i moczowy. Wp\u0142ywa te\u017c bardzo korzystnie na w\u0142osy. Pomimo \u017ce rzepa jest niskokaloryczna to zawsze by\u0142a symbolem zdrowia i si\u0142y.<\/p>","protected":false},"excerpt":{"rendered":"<p>Odmiana \u015brednio p\u00f3\u017ana o \u017c\u00f3\u0142tej sk\u00f3rce i mi\u0105\u017cszu. Uprawiana jest wczesn\u0105 wiosn\u0105 jako przedplon i na zbi\u00f3r jesienny jako poplon. Dobrze si\u0119 komponuje w mieszankach warzywnych. Mo\u017cna j\u0105 je\u015b\u0107 na surowo, zapieka\u0107 lub gotowa\u0107. U\u017cywana g\u0142\u00f3wnie do sur\u00f3wek i sa\u0142atek, ale mo\u017cna j\u0105 r\u00f3wnie\u017c faszerowa\u0107 lub zrobi\u0107 z niej sok. Jest ona idealna przy przezi\u0119bieniach [&hellip;]<\/p>\n","protected":false},"featured_media":18287,"comment_status":"open","ping_status":"open","template":"","meta":{"inline_featured_image":false},"product_cat":[119],"product_tag":[],"acf":[],"featured_image":"https:\/\/torseed.eu\/app\/uploads\/2023\/03\/9190.jpg","_links":{"self":[{"href":"https:\/\/torseed.eu\/en\/wp-json\/wp\/v2\/product\/30030"}],"collection":[{"href":"https:\/\/torseed.eu\/en\/wp-json\/wp\/v2\/product"}],"about":[{"href":"https:\/\/torseed.eu\/en\/wp-json\/wp\/v2\/types\/product"}],"replies":[{"embeddable":true,"href":"https:\/\/torseed.eu\/en\/wp-json\/wp\/v2\/comments?post=30030"}],"version-history":[{"count":0,"href":"https:\/\/torseed.eu\/en\/wp-json\/wp\/v2\/product\/30030\/revisions"}],"wp:featuredmedia":[{"embeddable":true,"href":"https:\/\/torseed.eu\/en\/wp-json\/wp\/v2\/media\/18287"}],"wp:attachment":[{"href":"https:\/\/torseed.eu\/en\/wp-json\/wp\/v2\/media?parent=30030"}],"wp:term":[{"taxonomy":"product_cat","embeddable":true,"href":"https:\/\/torseed.eu\/en\/wp-json\/wp\/v2\/product_cat?post=30030"},{"taxonomy":"product_tag","embeddable":true,"href":"https:\/\/torseed.eu\/en\/wp-json\/wp\/v2\/product_tag?post=30030"}],"curies":[{"name":"wp","href":"https:\/\/api.w.org\/{rel}","templated":true}]}}