{"id":30033,"date":"2022-06-15T06:26:27","date_gmt":"2022-06-15T06:26:27","guid":{"rendered":"https:\/\/refactor-second-attempt.torseed.dev.greenparrot.pl\/produkt\/roszponka-warzywna-verte-de-cambrai-graspapier\/"},"modified":"2023-03-29T18:12:32","modified_gmt":"2023-03-29T18:12:32","slug":"roszponka-warzywna-verte-de-cambrai-graspapier","status":"publish","type":"product","link":"https:\/\/torseed.eu\/en\/produkt\/roszponka-warzywna-verte-de-cambrai-graspapier\/","title":{"rendered":"Roszponka warzywna Verte de Cambrai GRASPAPIER"},"content":{"rendered":"<p>Zwana tak\u017ce roszpunk\u0105 jest \u0142atw\u0105 w uprawie ro\u015blin\u0105 pochodz\u0105c\u0105 z po\u0142udniowej Europy i Azji Mniejszej. Dobrze ro\u015bnie w polskim klimacie. Uprawiana jest g\u0142\u00f3wnie na zbi\u00f3r jesienny oraz zimowo-wiosenny. Jej kszta\u0142tne, mi\u0119siste, dobrze wybarwione li\u015bcie(rozety) \u015bwietnie komponuj\u0105 si\u0119 w ka\u017cdym ogrodzie. Bardzo dobrze prezentuje si\u0119 r\u00f3wnie\u017c w skrzynce lub doniczce. Roszponka dodawana jest do r\u00f3\u017cnego rodzaju sa\u0142atek, koktajli i wielu innym potraw. Jest niskokaloryczna, a dodatkowo ozdobi ka\u017cd\u0105 potraw\u0119. Jest o kilka razy bogatsza w witamin\u0119 C i beta-karoten od zwyk\u0142ych sa\u0142at. Poprawia trawienie, oczyszcza organizm, wspomaga wzrok i zapobiega chorobom serca, a nawet nowotworom. W \u0142agodne zimy nie wymarza i daje plon przedwiosenny, dzi\u0119ki czemu dostarczy nam witamin w okresie deficytu \u015bwie\u017cych warzyw.<\/p>","protected":false},"excerpt":{"rendered":"<p>Zwana tak\u017ce roszpunk\u0105 jest \u0142atw\u0105 w uprawie ro\u015blin\u0105 pochodz\u0105c\u0105 z po\u0142udniowej Europy i Azji Mniejszej. Dobrze ro\u015bnie w polskim klimacie. Uprawiana jest g\u0142\u00f3wnie na zbi\u00f3r jesienny oraz zimowo-wiosenny. Jej kszta\u0142tne, mi\u0119siste, dobrze wybarwione li\u015bcie(rozety) \u015bwietnie komponuj\u0105 si\u0119 w ka\u017cdym ogrodzie. Bardzo dobrze prezentuje si\u0119 r\u00f3wnie\u017c w skrzynce lub doniczce. Roszponka dodawana jest do r\u00f3\u017cnego rodzaju [&hellip;]<\/p>\n","protected":false},"featured_media":18281,"comment_status":"open","ping_status":"open","template":"","meta":{"inline_featured_image":false},"product_cat":[119],"product_tag":[],"acf":[],"featured_image":"https:\/\/torseed.eu\/app\/uploads\/2023\/03\/9188.jpg","_links":{"self":[{"href":"https:\/\/torseed.eu\/en\/wp-json\/wp\/v2\/product\/30033"}],"collection":[{"href":"https:\/\/torseed.eu\/en\/wp-json\/wp\/v2\/product"}],"about":[{"href":"https:\/\/torseed.eu\/en\/wp-json\/wp\/v2\/types\/product"}],"replies":[{"embeddable":true,"href":"https:\/\/torseed.eu\/en\/wp-json\/wp\/v2\/comments?post=30033"}],"version-history":[{"count":0,"href":"https:\/\/torseed.eu\/en\/wp-json\/wp\/v2\/product\/30033\/revisions"}],"wp:featuredmedia":[{"embeddable":true,"href":"https:\/\/torseed.eu\/en\/wp-json\/wp\/v2\/media\/18281"}],"wp:attachment":[{"href":"https:\/\/torseed.eu\/en\/wp-json\/wp\/v2\/media?parent=30033"}],"wp:term":[{"taxonomy":"product_cat","embeddable":true,"href":"https:\/\/torseed.eu\/en\/wp-json\/wp\/v2\/product_cat?post=30033"},{"taxonomy":"product_tag","embeddable":true,"href":"https:\/\/torseed.eu\/en\/wp-json\/wp\/v2\/product_tag?post=30033"}],"curies":[{"name":"wp","href":"https:\/\/api.w.org\/{rel}","templated":true}]}}