{"id":30034,"date":"2022-06-15T06:26:26","date_gmt":"2022-06-15T06:26:26","guid":{"rendered":"https:\/\/refactor-second-attempt.torseed.dev.greenparrot.pl\/produkt\/poziomka-regina-graspapier\/"},"modified":"2023-03-29T18:12:32","modified_gmt":"2023-03-29T18:12:32","slug":"poziomka-regina-graspapier","status":"publish","type":"product","link":"https:\/\/torseed.eu\/en\/produkt\/poziomka-regina-graspapier\/","title":{"rendered":"Poziomka Regina GRASPAPIER"},"content":{"rendered":"<p>Odmiana bezroz\u0142ogowa, mrozoodporna i bardzo plenna, o silnym wzro\u015bcie ro\u015blin (oko\u0142o 30cm). Jej ciemnoczerwone, du\u017ce owoce z pewno\u015bci\u0105 ozdobi\u0105 ka\u017cdy ogr\u00f3dek. Ze wzgl\u0119du na aromat i smak s\u0105 ch\u0119tnie wykorzystywane w kuchni. Najcz\u0119\u015bciej do deser\u00f3w i ciast, ale r\u00f3wnie\u017c do ozdoby innych potraw. W\u0142a\u015bciwo\u015bci poziomki s\u0105 od dawna znane. Zauwa\u017cono, \u017ce spo\u017cywanie wywaru z zasuszonych li\u015bci niweluje objawy przezi\u0119bienia, a owoc\u00f3w korzystnie wp\u0142ywa na z\u0119by, rozpuszczaj\u0105c kamie\u0144 naz\u0119bny. Poziomki maj\u0105 zdolno\u015b\u0107 do blokowania wolnych rodnik\u00f3w, wp\u0142ywaj\u0105cych na proces starzenia si\u0119 i powstawanie nowotwor\u00f3w. Podnosz\u0105 odporno\u015b\u0107 organizmu, poprawiaj\u0105 prac\u0119 uk\u0142adu krwiono\u015bnego, blokuj\u0105 wch\u0142anianie z\u0142ego cholesterolu i usuwa szkodliwe produkty przemiany materii. Li\u015bcie dzi\u0119ki witaminie C i garbnikom dzia\u0142aj\u0105 \u015bci\u0105gaj\u0105co na sk\u00f3r\u0119, zamykaj\u0105 pory i oczyszczaj\u0105 sk\u00f3r\u0119. Dodatkowo ze wzgl\u0119du na sk\u0142ad przyspieszaj\u0105 gojenie si\u0119 ran i \u0142agodz\u0105 b\u00f3l gard\u0142a. Maj\u0105 w\u0142a\u015bciwo\u015bci moczop\u0119dne i oczyszczaj\u0105ce. Poziomka wysiana wiosn\u0105 owocuje w tym samym roku po oko\u0142o 4 miesi\u0105cach.<\/p>","protected":false},"excerpt":{"rendered":"<p>Odmiana bezroz\u0142ogowa, mrozoodporna i bardzo plenna, o silnym wzro\u015bcie ro\u015blin (oko\u0142o 30cm). Jej ciemnoczerwone, du\u017ce owoce z pewno\u015bci\u0105 ozdobi\u0105 ka\u017cdy ogr\u00f3dek. Ze wzgl\u0119du na aromat i smak s\u0105 ch\u0119tnie wykorzystywane w kuchni. Najcz\u0119\u015bciej do deser\u00f3w i ciast, ale r\u00f3wnie\u017c do ozdoby innych potraw. W\u0142a\u015bciwo\u015bci poziomki s\u0105 od dawna znane. Zauwa\u017cono, \u017ce spo\u017cywanie wywaru z zasuszonych [&hellip;]<\/p>\n","protected":false},"featured_media":18278,"comment_status":"open","ping_status":"open","template":"","meta":{"inline_featured_image":false},"product_cat":[119],"product_tag":[],"acf":[],"featured_image":"https:\/\/torseed.eu\/app\/uploads\/2023\/03\/9187.jpg","_links":{"self":[{"href":"https:\/\/torseed.eu\/en\/wp-json\/wp\/v2\/product\/30034"}],"collection":[{"href":"https:\/\/torseed.eu\/en\/wp-json\/wp\/v2\/product"}],"about":[{"href":"https:\/\/torseed.eu\/en\/wp-json\/wp\/v2\/types\/product"}],"replies":[{"embeddable":true,"href":"https:\/\/torseed.eu\/en\/wp-json\/wp\/v2\/comments?post=30034"}],"version-history":[{"count":0,"href":"https:\/\/torseed.eu\/en\/wp-json\/wp\/v2\/product\/30034\/revisions"}],"wp:featuredmedia":[{"embeddable":true,"href":"https:\/\/torseed.eu\/en\/wp-json\/wp\/v2\/media\/18278"}],"wp:attachment":[{"href":"https:\/\/torseed.eu\/en\/wp-json\/wp\/v2\/media?parent=30034"}],"wp:term":[{"taxonomy":"product_cat","embeddable":true,"href":"https:\/\/torseed.eu\/en\/wp-json\/wp\/v2\/product_cat?post=30034"},{"taxonomy":"product_tag","embeddable":true,"href":"https:\/\/torseed.eu\/en\/wp-json\/wp\/v2\/product_tag?post=30034"}],"curies":[{"name":"wp","href":"https:\/\/api.w.org\/{rel}","templated":true}]}}