{"id":30037,"date":"2022-06-15T06:26:24","date_gmt":"2022-06-15T06:26:24","guid":{"rendered":"https:\/\/refactor-second-attempt.torseed.dev.greenparrot.pl\/produkt\/pasternak-poldlugi-bialy-graspapier\/"},"modified":"2023-03-29T18:12:36","modified_gmt":"2023-03-29T18:12:36","slug":"pasternak-poldlugi-bialy-graspapier","status":"publish","type":"product","link":"https:\/\/torseed.eu\/en\/produkt\/pasternak-poldlugi-bialy-graspapier\/","title":{"rendered":"Pasternak P\u00f3\u0142d\u0142ugi Bia\u0142y GRASPAPIER"},"content":{"rendered":"<p>Pasternak \u2013 kwitnie na \u017c\u00f3\u0142to, co zdecydowanie o\u017cywi nasz warzywnik. Cz\u0119\u015bci\u0105 u\u017cytkow\u0105 jest korze\u0144, kt\u00f3ry zawiera du\u017co soli mineralnych, cukr\u00f3w i witamin. Przeznaczony jest g\u0142\u00f3wnie do sur\u00f3wek i puree oraz jako sk\u0142adnik do produkcji suszu. Mo\u017cna nawet znale\u017a\u0107 przepisy na desery z udzia\u0142em pasternaku (np. kr\u00f3wki). Smakiem przypomina bardziej marchewk\u0119 ni\u017c pietruszk\u0119, z kt\u00f3r\u0105 jest cz\u0119sto mylony. Jednak w przeciwie\u0144stwie do niej jego korze\u0144 jest wi\u0119kszy i bardziej mi\u0119kki, a li\u015bcie twardsze i r\u00f3wnie\u017c wi\u0119ksze. A jego niskokaloryczno\u015b\u0107 jest doceniana przez osoby stosuj\u0105ce diet\u0119. Ze wzgl\u0119du na sw\u00f3j smak i w\u0142a\u015bciwo\u015bci lecznicze pasternak jest szeroko wykorzystywany przez przemys\u0142 farmaceutyczny. Ca\u0142a ro\u015blina zawiera cenne zwi\u0105zki kumarynowe, b\u0142onnik, witaminy i minera\u0142y. Pozytywnie wp\u0142ywa na procesy trawienne i samopoczucie. Wspomaga r\u00f3wnie\u017c kr\u0105\u017cenie. Kiedy\u015b jadany zamiast ziemniak\u00f3w, dzi\u015b powoli wraca na nasze sto\u0142y.<\/p>","protected":false},"excerpt":{"rendered":"<p>Pasternak \u2013 kwitnie na \u017c\u00f3\u0142to, co zdecydowanie o\u017cywi nasz warzywnik. Cz\u0119\u015bci\u0105 u\u017cytkow\u0105 jest korze\u0144, kt\u00f3ry zawiera du\u017co soli mineralnych, cukr\u00f3w i witamin. Przeznaczony jest g\u0142\u00f3wnie do sur\u00f3wek i puree oraz jako sk\u0142adnik do produkcji suszu. Mo\u017cna nawet znale\u017a\u0107 przepisy na desery z udzia\u0142em pasternaku (np. kr\u00f3wki). Smakiem przypomina bardziej marchewk\u0119 ni\u017c pietruszk\u0119, z kt\u00f3r\u0105 jest [&hellip;]<\/p>\n","protected":false},"featured_media":18272,"comment_status":"open","ping_status":"open","template":"","meta":{"inline_featured_image":false},"product_cat":[119],"product_tag":[],"acf":[],"featured_image":"https:\/\/torseed.eu\/app\/uploads\/2023\/03\/9185.jpg","_links":{"self":[{"href":"https:\/\/torseed.eu\/en\/wp-json\/wp\/v2\/product\/30037"}],"collection":[{"href":"https:\/\/torseed.eu\/en\/wp-json\/wp\/v2\/product"}],"about":[{"href":"https:\/\/torseed.eu\/en\/wp-json\/wp\/v2\/types\/product"}],"replies":[{"embeddable":true,"href":"https:\/\/torseed.eu\/en\/wp-json\/wp\/v2\/comments?post=30037"}],"version-history":[{"count":0,"href":"https:\/\/torseed.eu\/en\/wp-json\/wp\/v2\/product\/30037\/revisions"}],"wp:featuredmedia":[{"embeddable":true,"href":"https:\/\/torseed.eu\/en\/wp-json\/wp\/v2\/media\/18272"}],"wp:attachment":[{"href":"https:\/\/torseed.eu\/en\/wp-json\/wp\/v2\/media?parent=30037"}],"wp:term":[{"taxonomy":"product_cat","embeddable":true,"href":"https:\/\/torseed.eu\/en\/wp-json\/wp\/v2\/product_cat?post=30037"},{"taxonomy":"product_tag","embeddable":true,"href":"https:\/\/torseed.eu\/en\/wp-json\/wp\/v2\/product_tag?post=30037"}],"curies":[{"name":"wp","href":"https:\/\/api.w.org\/{rel}","templated":true}]}}