{"id":30039,"date":"2022-06-15T06:26:22","date_gmt":"2022-06-15T06:26:22","guid":{"rendered":"https:\/\/refactor-second-attempt.torseed.dev.greenparrot.pl\/produkt\/ogorecznik-lekarski-graspapier\/"},"modified":"2023-03-29T18:12:37","modified_gmt":"2023-03-29T18:12:37","slug":"ogorecznik-lekarski-graspapier","status":"publish","type":"product","link":"https:\/\/torseed.eu\/en\/produkt\/ogorecznik-lekarski-graspapier\/","title":{"rendered":"Og\u00f3recznik lekarski GRASPAPIER"},"content":{"rendered":"<p>Ro\u015blina jednoroczna o d\u0142ugich, szerokich i omszonych li\u015bciach. Latem zakwitaj\u0105 przepi\u0119kne b\u0142\u0119kitne kwiatki, kt\u00f3re ozdobi\u0105 ka\u017cdy ogr\u00f3dek lub balkon. Jego silny zapach i smak \u015bwie\u017cego og\u00f3rka  znajduje szerokie zastosowanie w kuchni. Wykorzystywany jest do r\u00f3\u017cnych sa\u0142atek warzywnych, sos\u00f3w, mas\u0142a zio\u0142owego, ale r\u00f3wnie\u017c do zdrowych koktajli. Idealnie nadaje si\u0119 do dekoracji i wzbogacenia kostek lodu. \u0141agodzi stany zapalne b\u0142on \u015bluzowych prze\u0142yku i \u017co\u0142\u0105dka, stanowi \u017ar\u00f3d\u0142o nienasyconych kwas\u00f3w t\u0142uszczowych, pomaga w leczeniu zaburze\u0144 przemiany materii i obni\u017ca poziom cholesterolu. Pomaga w leczeniu chor\u00f3b sk\u00f3ry, dzia\u0142a moczop\u0119dnie, przeciwzapalnie i uspokajaj\u0105co.<\/p>","protected":false},"excerpt":{"rendered":"<p>Ro\u015blina jednoroczna o d\u0142ugich, szerokich i omszonych li\u015bciach. Latem zakwitaj\u0105 przepi\u0119kne b\u0142\u0119kitne kwiatki, kt\u00f3re ozdobi\u0105 ka\u017cdy ogr\u00f3dek lub balkon. Jego silny zapach i smak \u015bwie\u017cego og\u00f3rka znajduje szerokie zastosowanie w kuchni. Wykorzystywany jest do r\u00f3\u017cnych sa\u0142atek warzywnych, sos\u00f3w, mas\u0142a zio\u0142owego, ale r\u00f3wnie\u017c do zdrowych koktajli. Idealnie nadaje si\u0119 do dekoracji i wzbogacenia kostek lodu. \u0141agodzi [&hellip;]<\/p>\n","protected":false},"featured_media":18263,"comment_status":"open","ping_status":"open","template":"","meta":{"inline_featured_image":false},"product_cat":[119],"product_tag":[],"acf":[],"featured_image":"https:\/\/torseed.eu\/app\/uploads\/2023\/03\/9182.jpg","_links":{"self":[{"href":"https:\/\/torseed.eu\/en\/wp-json\/wp\/v2\/product\/30039"}],"collection":[{"href":"https:\/\/torseed.eu\/en\/wp-json\/wp\/v2\/product"}],"about":[{"href":"https:\/\/torseed.eu\/en\/wp-json\/wp\/v2\/types\/product"}],"replies":[{"embeddable":true,"href":"https:\/\/torseed.eu\/en\/wp-json\/wp\/v2\/comments?post=30039"}],"version-history":[{"count":0,"href":"https:\/\/torseed.eu\/en\/wp-json\/wp\/v2\/product\/30039\/revisions"}],"wp:featuredmedia":[{"embeddable":true,"href":"https:\/\/torseed.eu\/en\/wp-json\/wp\/v2\/media\/18263"}],"wp:attachment":[{"href":"https:\/\/torseed.eu\/en\/wp-json\/wp\/v2\/media?parent=30039"}],"wp:term":[{"taxonomy":"product_cat","embeddable":true,"href":"https:\/\/torseed.eu\/en\/wp-json\/wp\/v2\/product_cat?post=30039"},{"taxonomy":"product_tag","embeddable":true,"href":"https:\/\/torseed.eu\/en\/wp-json\/wp\/v2\/product_tag?post=30039"}],"curies":[{"name":"wp","href":"https:\/\/api.w.org\/{rel}","templated":true}]}}