{"id":30042,"date":"2022-06-15T06:26:14","date_gmt":"2022-06-15T06:26:14","guid":{"rendered":"https:\/\/refactor-second-attempt.torseed.dev.greenparrot.pl\/produkt\/nagietek-lekarski-graspapier\/"},"modified":"2023-03-29T18:12:40","modified_gmt":"2023-03-29T18:12:40","slug":"nagietek-lekarski-graspapier","status":"publish","type":"product","link":"https:\/\/torseed.eu\/en\/produkt\/nagietek-lekarski-graspapier\/","title":{"rendered":"Nagietek lekarski GRASPAPIER"},"content":{"rendered":"<p>Ro\u015blina jednoroczna o pi\u0119knych pomara\u0144czowych kwiatach, kt\u00f3re mog\u0105 by\u0107 r\u00f3wnie\u017c stosowane do barwienia potraw lub tkanin, nadaj\u0105c im g\u0142\u0119boki \u017c\u00f3\u0142ty kolor. Dawniej u\u017cywany by\u0142 jako przyprawa. Dzi\u015b jako dodatek do sa\u0142atek i sur\u00f3wek, a zasuszone kwiaty dodaje si\u0119 do zup i sos\u00f3w. Ok\u0142ady z nagietka przy\u015bpieszaj\u0105 gojenie si\u0119 ran i maj\u0105 pozytywny wp\u0142yw na nask\u00f3rek oraz dzia\u0142aj\u0105 koj\u0105co na okolice oczu. Preparaty zawieraj\u0105ce nagietka, maj\u0105 w\u0142a\u015bciwo\u015bci moczop\u0119dne. Przede wszystkim jednak nagietek jest jedn\u0105 z najbardziej uniwersalnych ro\u015blin leczniczych i kosmetycznych, o czym decyduje niezwykle bogaty sk\u0142ad substancji aktywnych. Os\u0142ania \u017co\u0142\u0105dek, leczy stany zapalne, wspomaga prac\u0119 w\u0105troby, dzia\u0142a wzmacniaj\u0105co, \u0142agodzi kobiece dolegliwo\u015bci, zmniejsza stres i poprawia nastr\u00f3j.<\/p>","protected":false},"excerpt":{"rendered":"<p>Ro\u015blina jednoroczna o pi\u0119knych pomara\u0144czowych kwiatach, kt\u00f3re mog\u0105 by\u0107 r\u00f3wnie\u017c stosowane do barwienia potraw lub tkanin, nadaj\u0105c im g\u0142\u0119boki \u017c\u00f3\u0142ty kolor. Dawniej u\u017cywany by\u0142 jako przyprawa. Dzi\u015b jako dodatek do sa\u0142atek i sur\u00f3wek, a zasuszone kwiaty dodaje si\u0119 do zup i sos\u00f3w. Ok\u0142ady z nagietka przy\u015bpieszaj\u0105 gojenie si\u0119 ran i maj\u0105 pozytywny wp\u0142yw na nask\u00f3rek [&hellip;]<\/p>\n","protected":false},"featured_media":18257,"comment_status":"open","ping_status":"open","template":"","meta":{"inline_featured_image":false},"product_cat":[119],"product_tag":[],"acf":[],"featured_image":"https:\/\/torseed.eu\/app\/uploads\/2023\/03\/9179.jpg","_links":{"self":[{"href":"https:\/\/torseed.eu\/en\/wp-json\/wp\/v2\/product\/30042"}],"collection":[{"href":"https:\/\/torseed.eu\/en\/wp-json\/wp\/v2\/product"}],"about":[{"href":"https:\/\/torseed.eu\/en\/wp-json\/wp\/v2\/types\/product"}],"replies":[{"embeddable":true,"href":"https:\/\/torseed.eu\/en\/wp-json\/wp\/v2\/comments?post=30042"}],"version-history":[{"count":0,"href":"https:\/\/torseed.eu\/en\/wp-json\/wp\/v2\/product\/30042\/revisions"}],"wp:featuredmedia":[{"embeddable":true,"href":"https:\/\/torseed.eu\/en\/wp-json\/wp\/v2\/media\/18257"}],"wp:attachment":[{"href":"https:\/\/torseed.eu\/en\/wp-json\/wp\/v2\/media?parent=30042"}],"wp:term":[{"taxonomy":"product_cat","embeddable":true,"href":"https:\/\/torseed.eu\/en\/wp-json\/wp\/v2\/product_cat?post=30042"},{"taxonomy":"product_tag","embeddable":true,"href":"https:\/\/torseed.eu\/en\/wp-json\/wp\/v2\/product_tag?post=30042"}],"curies":[{"name":"wp","href":"https:\/\/api.w.org\/{rel}","templated":true}]}}