{"id":30043,"date":"2022-06-15T06:26:13","date_gmt":"2022-06-15T06:26:13","guid":{"rendered":"https:\/\/refactor-second-attempt.torseed.dev.greenparrot.pl\/produkt\/mieta-graspapier\/"},"modified":"2023-03-29T18:12:41","modified_gmt":"2023-03-29T18:12:41","slug":"mieta-graspapier","status":"publish","type":"product","link":"https:\/\/torseed.eu\/en\/produkt\/mieta-graspapier\/","title":{"rendered":"Mi\u0119ta GRASPAPIER"},"content":{"rendered":"<p>Ro\u015blina wieloletnia o ciemnozielonych, z\u0105bkowanych li\u015bciach, kt\u00f3re cz\u0119sto wykorzystywane s\u0105 do dekorowania r\u00f3\u017cnego rodzaju napoj\u00f3w i deser\u00f3w. Jej charakterystyczne mentolowe listki dobrze komponuj\u0105 si\u0119 z deserami, ale r\u00f3wnie\u017c z r\u00f3\u017cnego rodzaju sa\u0142atkami, dipami, sosami oraz nalewkami i drinkami. Mi\u0119ta posiada w\u0142a\u015bciwo\u015bci uspokajaj\u0105ce oraz wspomagaj\u0105ce procesy trawienne. Dzia\u0142a r\u00f3wnie\u017c przeciwbakteryjnie i \u0142agodzi b\u00f3l gard\u0142a oraz migreny. Uprawiana z powodzeniem na balkonach i parapetach.<\/p>","protected":false},"excerpt":{"rendered":"<p>Ro\u015blina wieloletnia o ciemnozielonych, z\u0105bkowanych li\u015bciach, kt\u00f3re cz\u0119sto wykorzystywane s\u0105 do dekorowania r\u00f3\u017cnego rodzaju napoj\u00f3w i deser\u00f3w. Jej charakterystyczne mentolowe listki dobrze komponuj\u0105 si\u0119 z deserami, ale r\u00f3wnie\u017c z r\u00f3\u017cnego rodzaju sa\u0142atkami, dipami, sosami oraz nalewkami i drinkami. Mi\u0119ta posiada w\u0142a\u015bciwo\u015bci uspokajaj\u0105ce oraz wspomagaj\u0105ce procesy trawienne. Dzia\u0142a r\u00f3wnie\u017c przeciwbakteryjnie i \u0142agodzi b\u00f3l gard\u0142a oraz migreny. [&hellip;]<\/p>\n","protected":false},"featured_media":18251,"comment_status":"open","ping_status":"open","template":"","meta":{"inline_featured_image":false},"product_cat":[119],"product_tag":[],"acf":[],"featured_image":"https:\/\/torseed.eu\/app\/uploads\/2023\/03\/9177.jpg","_links":{"self":[{"href":"https:\/\/torseed.eu\/en\/wp-json\/wp\/v2\/product\/30043"}],"collection":[{"href":"https:\/\/torseed.eu\/en\/wp-json\/wp\/v2\/product"}],"about":[{"href":"https:\/\/torseed.eu\/en\/wp-json\/wp\/v2\/types\/product"}],"replies":[{"embeddable":true,"href":"https:\/\/torseed.eu\/en\/wp-json\/wp\/v2\/comments?post=30043"}],"version-history":[{"count":0,"href":"https:\/\/torseed.eu\/en\/wp-json\/wp\/v2\/product\/30043\/revisions"}],"wp:featuredmedia":[{"embeddable":true,"href":"https:\/\/torseed.eu\/en\/wp-json\/wp\/v2\/media\/18251"}],"wp:attachment":[{"href":"https:\/\/torseed.eu\/en\/wp-json\/wp\/v2\/media?parent=30043"}],"wp:term":[{"taxonomy":"product_cat","embeddable":true,"href":"https:\/\/torseed.eu\/en\/wp-json\/wp\/v2\/product_cat?post=30043"},{"taxonomy":"product_tag","embeddable":true,"href":"https:\/\/torseed.eu\/en\/wp-json\/wp\/v2\/product_tag?post=30043"}],"curies":[{"name":"wp","href":"https:\/\/api.w.org\/{rel}","templated":true}]}}